{"id":1992,"date":"2024-10-29T13:09:22","date_gmt":"2024-10-29T12:09:22","guid":{"rendered":"https:\/\/www.latramuntana.com\/?page_id=1992"},"modified":"2025-09-18T11:30:11","modified_gmt":"2025-09-18T09:30:11","slug":"cookies","status":"publish","type":"page","link":"https:\/\/www.latramuntana.com\/ca\/cookies\/","title":{"rendered":"Pol\u00edtica de cookies"},"content":{"rendered":"\t\t<div data-elementor-type=\"wp-page\" data-elementor-id=\"1992\" class=\"elementor elementor-1992\" data-elementor-post-type=\"page\">\n\t\t\t\t<div class=\"elementor-element elementor-element-8722e23 e-flex e-con-boxed e-con e-parent\" data-id=\"8722e23\" data-element_type=\"container\" data-e-type=\"container\" data-settings=\"{&quot;background_background&quot;:&quot;classic&quot;}\">\n\t\t\t\t\t<div class=\"e-con-inner\">\n\t\t\t\t<div class=\"elementor-element elementor-element-0fc1306 elementor-widget elementor-widget-heading\" data-id=\"0fc1306\" data-element_type=\"widget\" data-e-type=\"widget\" data-widget_type=\"heading.default\">\n\t\t\t\t<div class=\"elementor-widget-container\">\n\t\t\t\t\t<h1 class=\"elementor-heading-title elementor-size-default\">Pol\u00edtica de cookies<\/h1>\t\t\t\t<\/div>\n\t\t\t\t<\/div>\n\t\t\t\t<div class=\"elementor-element elementor-element-79be4b4 elementor-widget-divider--view-line elementor-widget elementor-widget-divider\" data-id=\"79be4b4\" data-element_type=\"widget\" data-e-type=\"widget\" data-widget_type=\"divider.default\">\n\t\t\t\t<div class=\"elementor-widget-container\">\n\t\t\t\t\t\t\t<div class=\"elementor-divider\">\n\t\t\t<span class=\"elementor-divider-separator\">\n\t\t\t\t\t\t<\/span>\n\t\t<\/div>\n\t\t\t\t\t\t<\/div>\n\t\t\t\t<\/div>\n\t\t\t\t<div class=\"elementor-element elementor-element-9732c5e color-responsivo elementor-widget elementor-widget-text-editor\" data-id=\"9732c5e\" data-element_type=\"widget\" data-e-type=\"widget\" data-widget_type=\"text-editor.default\">\n\t\t\t\t<div class=\"elementor-widget-container\">\n\t\t\t\t\t\t\t\t\t<p>En compliment de l&#8217;article 22 de la Llei 34\/2002, d&#8217;11 de juliol, de serveis de la societat de la informaci\u00f3 i de comer\u00e7 electr\u00f2nic (LSSI), en relaci\u00f3 amb el Reglament (UE) 2016\/679 del Parlament Europeu i del Consell, de 27 d&#8217;abril de 2016, General de Protecci\u00f3 de Dades (RGPD) i la Llei Org\u00e0nica 3\/2018, de 5 de desembre, de Protecci\u00f3 de Dades i garantia dels drets digitals (LOPDGDD), el Titular posa a disposici\u00f3 dels usuaris la Pol\u00edtica de recollida i tractament de cookies del lloc web.<\/p><h2>Qu\u00e8 s\u00f3n les cookies<\/h2><p>Una cookie \u00e9s un fitxer que es descarrega al vostre ordinador en accedir a determinades p\u00e0gines web. Les cookies permeten a una p\u00e0gina web, entre altres coses, emmagatzemar i recuperar informaci\u00f3 sobre els h\u00e0bits de navegaci\u00f3 dels usuaris i, depenent de la informaci\u00f3 que continguin i de la manera com es faci servir el dispositiu, poden utilitzar-se per identificar l&#8217;usuari.<\/p><h2>Cookies utilitzades al lloc web<\/h2><p>A continuaci\u00f3 es classifiquen les cookies utilitzades en aquest lloc web:<\/p><p><b>Segons l&#8217;entitat que les gestiona<\/b><\/p><ul><li><b>Cookies pr\u00f2pies:<\/b> S\u00f3n les que s&#8217;envien i gestionen directament pel Titular.<\/li><li><b>Cookies de tercers:<\/b> S\u00f3n les que s&#8217;envien a l&#8217;usuari des d&#8217;un domini extern al Titular.<\/li><\/ul><p><b>Segons la finalitat<\/b><\/p><ul><li><b>Cookies t\u00e8cniques:<\/b> Permeten als usuaris registrats navegar pel lloc web, accedir a l&#8217;\u00e0rea restringida i utilitzar les seves diferents funcions, com el sistema de comentaris o el cercador.<\/li><li><b>Cookies de personalitzaci\u00f3:<\/b> Permeten als usuaris accedir al servei amb algunes caracter\u00edstiques generals predefinides en funci\u00f3 d&#8217;una s\u00e8rie de criteris establerts per l&#8217;usuari, com ara l&#8217;idioma o el tipus de navegador utilitzat.<\/li><li><b>Cookies d&#8217;an\u00e0lisi o mesura:<\/b> Permeten quantificar el nombre d&#8217;usuaris i realitzar el mesurament i l&#8217;an\u00e0lisi estad\u00edstica de la utilitzaci\u00f3 que fan els usuaris del lloc web, per tal de millorar-lo.<\/li><\/ul><p><b>Segons la durada<\/b><\/p><ul><li><b>Cookies de sessi\u00f3:<\/b> Dissenyades per emmagatzemar dades mentre l&#8217;usuari accedeix al lloc web.<\/li><li><b>Cookies persistents:<\/b> Les dades segueixen emmagatzemades en el dispositiu de l&#8217;usuari i poden ser accedides i tractades durant un per\u00edode definit pel responsable de la cookie.<\/li><\/ul><h2>Llistat de cookies utilitzades<\/h2><p>Aquest lloc web pot instal\u00b7lar les cookies seg\u00fcents:<\/p><p><b>Cookies t\u00e8cniques<\/b><\/p><ul><li><b>wp-settings-{user_id}:<\/b> Cookie t\u00e8cnica que mant\u00e9 la configuraci\u00f3 de l&#8217;usuari a l&#8217;escriptori de WordPress (\/wp-admin). \u00c9s persistent i t\u00e9 una durada d&#8217;1 any.<\/li><li><b>hasConsent:<\/b> Cookie t\u00e8cnica que emmagatzema el consentiment de l&#8217;usuari. \u00c9s persistent i t\u00e9 una durada d&#8217;1 any.<\/li><\/ul><p><b>Cookies d&#8217;an\u00e0lisi o mesura<\/b><\/p><ul><li><b>_ga:<\/b> Cookie anal\u00edtica que permet el control de visites \u00faniques. \u00c9s persistent i t\u00e9 una durada de 2 anys.<\/li><li><b>_gat:<\/b> Cookie anal\u00edtica per limitar el nombre de sol\u00b7licituds. T\u00e9 un \u00e0mbit de sessi\u00f3 i una durada d&#8217;1 minut.<\/li><li><b>_gid:<\/b> Cookie anal\u00edtica per distingir usuaris. T\u00e9 un \u00e0mbit de sessi\u00f3 i una durada de 24 hores.<\/li><\/ul><h2>Informaci\u00f3 addicional<\/h2><p>Google Analytics pot instal\u00b7lar altres cookies segons el document d&#8217;\u00fas de cookies de Google Analytics en llocs web, que podeu consultar <a href=\"https:\/\/developers.google.com\/analytics\/devguides\/collection\/analyticsjs\/cookie-usage?hl=es\" target=\"_blank\" rel=\"noopener\">en aquest enlla\u00e7<\/a>.<\/p><h2>Eliminaci\u00f3 de cookies<\/h2><p>Podeu acceptar, bloquejar o eliminar les cookies instal\u00b7lades al vostre dispositiu mitjan\u00e7ant la configuraci\u00f3 de les opcions del navegador. Tingueu en compte que part del lloc pot no funcionar correctament o que algunes funcionalitats poden no estar disponibles o presentar errors.<\/p><p>En els seg\u00fcents enlla\u00e7os trobareu instruccions per habilitar o deshabilitar les cookies en els navegadors m\u00e9s comuns:<\/p><ul><li><a href=\"http:\/\/support.mozilla.org\/ca\/kb\/habilitar-y-deshabilitar-cookies-que-los-sitios-we\" target=\"_blank\" rel=\"noopener\">Firefox<\/a><\/li><li><a href=\"https:\/\/support.google.com\/chrome\/answer\/95647?hl=ca\" target=\"_blank\" rel=\"noopener\">Google Chrome<\/a><\/li><li><a href=\"https:\/\/support.microsoft.com\/ca-ca\/help\/17442\/windows-internet-explorer-delete-manage-cookies#ie=%22ie-10\" target=\"_blank\" rel=\"noopener\">Internet Explorer<\/a><\/li><li><a href=\"https:\/\/support.microsoft.com\/ca-ca\/help\/4468242\/microsoft-edge-browsing-data-and-privacy\" target=\"_blank\" rel=\"noopener\">Microsoft Edge<\/a><\/li><li><a href=\"http:\/\/support.apple.com\/kb\/HT1677?viewlocale=ca_CA\" target=\"_blank\" rel=\"noopener\">Safari<\/a><\/li><\/ul><h2>Tractament de dades personals<\/h2><p>El Titular \u00e9s el responsable del tractament de les dades personals de l&#8217;usuari. Podeu consultar tota la informaci\u00f3 relativa al tractament de dades personals a la p\u00e0gina de la <a href=\"https:\/\/www.latramuntana.com\/ca\/privacitat\/\">Pol\u00edtica de privacitat<\/a>.<\/p><h2>Contacte<\/h2><p>En cas que tingueu qualsevol dubte sobre aquesta Pol\u00edtica de Cookies o vulgueu fer algun comentari sobre aquest lloc web, podeu enviar un correu electr\u00f2nic a: info@latramuntana.com.<\/p>\t\t\t\t\t\t\t\t<\/div>\n\t\t\t\t<\/div>\n\t\t\t\t\t<\/div>\n\t\t\t\t<\/div>\n\t\t\t\t<\/div>\n\t\t","protected":false},"excerpt":{"rendered":"<p>En compliment de l&#8217;article 22 de la Llei 34\/2002, d&#8217;11 de juliol, de serveis de la societat de la informaci\u00f3 i de comer\u00e7 electr\u00f2nic (LSSI), en relaci\u00f3 amb el Reglament (UE) 2016\/679 del Parlament Europeu i del Consell, de 27 d&#8217;abril de 2016, General de Protecci\u00f3 de Dades (RGPD) i la Llei Org\u00e0nica 3\/2018, de [&hellip;]<\/p>\n","protected":false},"author":1,"featured_media":6842,"parent":0,"menu_order":0,"comment_status":"closed","ping_status":"closed","template":"elementor_header_footer","meta":{"footnotes":""},"class_list":["post-1992","page","type-page","status-publish","has-post-thumbnail","hentry"],"yoast_head":"<!-- This site is optimized with the Yoast SEO plugin v27.4 - https:\/\/yoast.com\/product\/yoast-seo-wordpress\/ -->\n<title>Pol\u00edtica de cookies - La Tramuntana<\/title>\n<meta name=\"robots\" content=\"noindex, nofollow\" \/>\n<meta property=\"og:locale\" content=\"ca_ES\" \/>\n<meta property=\"og:type\" content=\"article\" \/>\n<meta property=\"og:title\" content=\"Pol\u00edtica de cookies - La Tramuntana\" \/>\n<meta property=\"og:description\" content=\"En compliment de l&#8217;article 22 de la Llei 34\/2002, d&#8217;11 de juliol, de serveis de la societat de la informaci\u00f3 i de comer\u00e7 electr\u00f2nic (LSSI), en relaci\u00f3 amb el Reglament (UE) 2016\/679 del Parlament Europeu i del Consell, de 27 d&#8217;abril de 2016, General de Protecci\u00f3 de Dades (RGPD) i la Llei Org\u00e0nica 3\/2018, de [&hellip;]\" \/>\n<meta property=\"og:url\" content=\"https:\/\/www.latramuntana.com\/ca\/cookies\/\" \/>\n<meta property=\"og:site_name\" content=\"La Tramuntana\" \/>\n<meta property=\"article:publisher\" content=\"https:\/\/www.facebook.com\/gruptramuntana\" \/>\n<meta property=\"article:modified_time\" content=\"2025-09-18T09:30:11+00:00\" \/>\n<meta property=\"og:image\" content=\"https:\/\/www.latramuntana.com\/wp-content\/uploads\/2024\/11\/Portada-Supermercats.webp\" \/>\n\t<meta property=\"og:image:width\" content=\"1200\" \/>\n\t<meta property=\"og:image:height\" content=\"800\" \/>\n\t<meta property=\"og:image:type\" content=\"image\/webp\" \/>\n<meta name=\"twitter:card\" content=\"summary_large_image\" \/>\n<meta name=\"twitter:label1\" content=\"Temps estimat de lectura\" \/>\n\t<meta name=\"twitter:data1\" content=\"4 minuts\" \/>\n<script type=\"application\/ld+json\" class=\"yoast-schema-graph\">{\"@context\":\"https:\\\/\\\/schema.org\",\"@graph\":[{\"@type\":\"WebPage\",\"@id\":\"https:\\\/\\\/www.latramuntana.com\\\/ca\\\/cookies\\\/\",\"url\":\"https:\\\/\\\/www.latramuntana.com\\\/ca\\\/cookies\\\/\",\"name\":\"Pol\u00edtica de cookies - La Tramuntana\",\"isPartOf\":{\"@id\":\"https:\\\/\\\/www.latramuntana.com\\\/ca\\\/#website\"},\"primaryImageOfPage\":{\"@id\":\"https:\\\/\\\/www.latramuntana.com\\\/ca\\\/cookies\\\/#primaryimage\"},\"image\":{\"@id\":\"https:\\\/\\\/www.latramuntana.com\\\/ca\\\/cookies\\\/#primaryimage\"},\"thumbnailUrl\":\"https:\\\/\\\/www.latramuntana.com\\\/wp-content\\\/uploads\\\/2024\\\/11\\\/Portada-Supermercats.webp\",\"datePublished\":\"2024-10-29T12:09:22+00:00\",\"dateModified\":\"2025-09-18T09:30:11+00:00\",\"breadcrumb\":{\"@id\":\"https:\\\/\\\/www.latramuntana.com\\\/ca\\\/cookies\\\/#breadcrumb\"},\"inLanguage\":\"ca\",\"potentialAction\":[{\"@type\":\"ReadAction\",\"target\":[\"https:\\\/\\\/www.latramuntana.com\\\/ca\\\/cookies\\\/\"]}]},{\"@type\":\"ImageObject\",\"inLanguage\":\"ca\",\"@id\":\"https:\\\/\\\/www.latramuntana.com\\\/ca\\\/cookies\\\/#primaryimage\",\"url\":\"https:\\\/\\\/www.latramuntana.com\\\/wp-content\\\/uploads\\\/2024\\\/11\\\/Portada-Supermercats.webp\",\"contentUrl\":\"https:\\\/\\\/www.latramuntana.com\\\/wp-content\\\/uploads\\\/2024\\\/11\\\/Portada-Supermercats.webp\",\"width\":1200,\"height\":800,\"caption\":\"Exterior del supermercat Tramuntana 3 amb p\u00e0rquing al davant\"},{\"@type\":\"BreadcrumbList\",\"@id\":\"https:\\\/\\\/www.latramuntana.com\\\/ca\\\/cookies\\\/#breadcrumb\",\"itemListElement\":[{\"@type\":\"ListItem\",\"position\":1,\"name\":\"Portada\",\"item\":\"https:\\\/\\\/www.latramuntana.com\\\/ca\\\/\"},{\"@type\":\"ListItem\",\"position\":2,\"name\":\"Pol\u00edtica de cookies\"}]},{\"@type\":\"WebSite\",\"@id\":\"https:\\\/\\\/www.latramuntana.com\\\/ca\\\/#website\",\"url\":\"https:\\\/\\\/www.latramuntana.com\\\/ca\\\/\",\"name\":\"La Tramuntana\",\"description\":\"\",\"publisher\":{\"@id\":\"https:\\\/\\\/www.latramuntana.com\\\/ca\\\/#organization\"},\"potentialAction\":[{\"@type\":\"SearchAction\",\"target\":{\"@type\":\"EntryPoint\",\"urlTemplate\":\"https:\\\/\\\/www.latramuntana.com\\\/ca\\\/?s={search_term_string}\"},\"query-input\":{\"@type\":\"PropertyValueSpecification\",\"valueRequired\":true,\"valueName\":\"search_term_string\"}}],\"inLanguage\":\"ca\"},{\"@type\":\"Organization\",\"@id\":\"https:\\\/\\\/www.latramuntana.com\\\/ca\\\/#organization\",\"name\":\"La Tramuntana\",\"url\":\"https:\\\/\\\/www.latramuntana.com\\\/ca\\\/\",\"logo\":{\"@type\":\"ImageObject\",\"inLanguage\":\"ca\",\"@id\":\"https:\\\/\\\/www.latramuntana.com\\\/ca\\\/#\\\/schema\\\/logo\\\/image\\\/\",\"url\":\"https:\\\/\\\/www.latramuntana.com\\\/wp-content\\\/uploads\\\/2024\\\/06\\\/latramuntana-logo.svg\",\"contentUrl\":\"https:\\\/\\\/www.latramuntana.com\\\/wp-content\\\/uploads\\\/2024\\\/06\\\/latramuntana-logo.svg\",\"width\":500,\"height\":55,\"caption\":\"La Tramuntana\"},\"image\":{\"@id\":\"https:\\\/\\\/www.latramuntana.com\\\/ca\\\/#\\\/schema\\\/logo\\\/image\\\/\"},\"sameAs\":[\"https:\\\/\\\/www.facebook.com\\\/gruptramuntana\",\"https:\\\/\\\/www.instagram.com\\\/gruptramuntana\\\/\",\"https:\\\/\\\/www.linkedin.com\\\/company\\\/gruptramuntana\\\/\"]}]}<\/script>\n<!-- \/ Yoast SEO plugin. -->","yoast_head_json":{"title":"Pol\u00edtica de cookies - La Tramuntana","robots":{"index":"noindex","follow":"nofollow"},"og_locale":"ca_ES","og_type":"article","og_title":"Pol\u00edtica de cookies - La Tramuntana","og_description":"En compliment de l&#8217;article 22 de la Llei 34\/2002, d&#8217;11 de juliol, de serveis de la societat de la informaci\u00f3 i de comer\u00e7 electr\u00f2nic (LSSI), en relaci\u00f3 amb el Reglament (UE) 2016\/679 del Parlament Europeu i del Consell, de 27 d&#8217;abril de 2016, General de Protecci\u00f3 de Dades (RGPD) i la Llei Org\u00e0nica 3\/2018, de [&hellip;]","og_url":"https:\/\/www.latramuntana.com\/ca\/cookies\/","og_site_name":"La Tramuntana","article_publisher":"https:\/\/www.facebook.com\/gruptramuntana","article_modified_time":"2025-09-18T09:30:11+00:00","og_image":[{"width":1200,"height":800,"url":"https:\/\/www.latramuntana.com\/wp-content\/uploads\/2024\/11\/Portada-Supermercats.webp","type":"image\/webp"}],"twitter_card":"summary_large_image","twitter_misc":{"Temps estimat de lectura":"4 minuts"},"schema":{"@context":"https:\/\/schema.org","@graph":[{"@type":"WebPage","@id":"https:\/\/www.latramuntana.com\/ca\/cookies\/","url":"https:\/\/www.latramuntana.com\/ca\/cookies\/","name":"Pol\u00edtica de cookies - La Tramuntana","isPartOf":{"@id":"https:\/\/www.latramuntana.com\/ca\/#website"},"primaryImageOfPage":{"@id":"https:\/\/www.latramuntana.com\/ca\/cookies\/#primaryimage"},"image":{"@id":"https:\/\/www.latramuntana.com\/ca\/cookies\/#primaryimage"},"thumbnailUrl":"https:\/\/www.latramuntana.com\/wp-content\/uploads\/2024\/11\/Portada-Supermercats.webp","datePublished":"2024-10-29T12:09:22+00:00","dateModified":"2025-09-18T09:30:11+00:00","breadcrumb":{"@id":"https:\/\/www.latramuntana.com\/ca\/cookies\/#breadcrumb"},"inLanguage":"ca","potentialAction":[{"@type":"ReadAction","target":["https:\/\/www.latramuntana.com\/ca\/cookies\/"]}]},{"@type":"ImageObject","inLanguage":"ca","@id":"https:\/\/www.latramuntana.com\/ca\/cookies\/#primaryimage","url":"https:\/\/www.latramuntana.com\/wp-content\/uploads\/2024\/11\/Portada-Supermercats.webp","contentUrl":"https:\/\/www.latramuntana.com\/wp-content\/uploads\/2024\/11\/Portada-Supermercats.webp","width":1200,"height":800,"caption":"Exterior del supermercat Tramuntana 3 amb p\u00e0rquing al davant"},{"@type":"BreadcrumbList","@id":"https:\/\/www.latramuntana.com\/ca\/cookies\/#breadcrumb","itemListElement":[{"@type":"ListItem","position":1,"name":"Portada","item":"https:\/\/www.latramuntana.com\/ca\/"},{"@type":"ListItem","position":2,"name":"Pol\u00edtica de cookies"}]},{"@type":"WebSite","@id":"https:\/\/www.latramuntana.com\/ca\/#website","url":"https:\/\/www.latramuntana.com\/ca\/","name":"La Tramuntana","description":"","publisher":{"@id":"https:\/\/www.latramuntana.com\/ca\/#organization"},"potentialAction":[{"@type":"SearchAction","target":{"@type":"EntryPoint","urlTemplate":"https:\/\/www.latramuntana.com\/ca\/?s={search_term_string}"},"query-input":{"@type":"PropertyValueSpecification","valueRequired":true,"valueName":"search_term_string"}}],"inLanguage":"ca"},{"@type":"Organization","@id":"https:\/\/www.latramuntana.com\/ca\/#organization","name":"La Tramuntana","url":"https:\/\/www.latramuntana.com\/ca\/","logo":{"@type":"ImageObject","inLanguage":"ca","@id":"https:\/\/www.latramuntana.com\/ca\/#\/schema\/logo\/image\/","url":"https:\/\/www.latramuntana.com\/wp-content\/uploads\/2024\/06\/latramuntana-logo.svg","contentUrl":"https:\/\/www.latramuntana.com\/wp-content\/uploads\/2024\/06\/latramuntana-logo.svg","width":500,"height":55,"caption":"La Tramuntana"},"image":{"@id":"https:\/\/www.latramuntana.com\/ca\/#\/schema\/logo\/image\/"},"sameAs":["https:\/\/www.facebook.com\/gruptramuntana","https:\/\/www.instagram.com\/gruptramuntana\/","https:\/\/www.linkedin.com\/company\/gruptramuntana\/"]}]}},"_links":{"self":[{"href":"https:\/\/www.latramuntana.com\/ca\/wp-json\/wp\/v2\/pages\/1992","targetHints":{"allow":["GET"]}}],"collection":[{"href":"https:\/\/www.latramuntana.com\/ca\/wp-json\/wp\/v2\/pages"}],"about":[{"href":"https:\/\/www.latramuntana.com\/ca\/wp-json\/wp\/v2\/types\/page"}],"author":[{"embeddable":true,"href":"https:\/\/www.latramuntana.com\/ca\/wp-json\/wp\/v2\/users\/1"}],"replies":[{"embeddable":true,"href":"https:\/\/www.latramuntana.com\/ca\/wp-json\/wp\/v2\/comments?post=1992"}],"version-history":[{"count":1,"href":"https:\/\/www.latramuntana.com\/ca\/wp-json\/wp\/v2\/pages\/1992\/revisions"}],"predecessor-version":[{"id":12658,"href":"https:\/\/www.latramuntana.com\/ca\/wp-json\/wp\/v2\/pages\/1992\/revisions\/12658"}],"wp:featuredmedia":[{"embeddable":true,"href":"https:\/\/www.latramuntana.com\/ca\/wp-json\/wp\/v2\/media\/6842"}],"wp:attachment":[{"href":"https:\/\/www.latramuntana.com\/ca\/wp-json\/wp\/v2\/media?parent=1992"}],"curies":[{"name":"wp","href":"https:\/\/api.w.org\/{rel}","templated":true}]}}