{"id":7903,"date":"2024-10-29T13:09:22","date_gmt":"2024-10-29T12:09:22","guid":{"rendered":"https:\/\/www.latramuntana.com\/cookies\/"},"modified":"2024-12-22T20:38:44","modified_gmt":"2024-12-22T19:38:44","slug":"cookies","status":"publish","type":"page","link":"https:\/\/www.latramuntana.com\/es\/cookies\/","title":{"rendered":"Pol\u00edtica de cookies"},"content":{"rendered":"\t\t<div data-elementor-type=\"wp-page\" data-elementor-id=\"7903\" class=\"elementor elementor-7903 elementor-1992\" data-elementor-post-type=\"page\">\n\t\t\t\t<div class=\"elementor-element elementor-element-8722e23 e-flex e-con-boxed e-con e-parent\" data-id=\"8722e23\" data-element_type=\"container\" data-e-type=\"container\" data-settings=\"{&quot;background_background&quot;:&quot;classic&quot;}\">\n\t\t\t\t\t<div class=\"e-con-inner\">\n\t\t\t\t<div class=\"elementor-element elementor-element-0fc1306 elementor-widget elementor-widget-heading\" data-id=\"0fc1306\" data-element_type=\"widget\" data-e-type=\"widget\" data-widget_type=\"heading.default\">\n\t\t\t\t<div class=\"elementor-widget-container\">\n\t\t\t\t\t<h1 class=\"elementor-heading-title elementor-size-default\">Pol\u00edtica de cookies<\/h1>\t\t\t\t<\/div>\n\t\t\t\t<\/div>\n\t\t\t\t<div class=\"elementor-element elementor-element-79be4b4 elementor-widget-divider--view-line elementor-widget elementor-widget-divider\" data-id=\"79be4b4\" data-element_type=\"widget\" data-e-type=\"widget\" data-widget_type=\"divider.default\">\n\t\t\t\t<div class=\"elementor-widget-container\">\n\t\t\t\t\t\t\t<div class=\"elementor-divider\">\n\t\t\t<span class=\"elementor-divider-separator\">\n\t\t\t\t\t\t<\/span>\n\t\t<\/div>\n\t\t\t\t\t\t<\/div>\n\t\t\t\t<\/div>\n\t\t\t\t<div class=\"elementor-element elementor-element-9732c5e color-responsivo elementor-widget elementor-widget-text-editor\" data-id=\"9732c5e\" data-element_type=\"widget\" data-e-type=\"widget\" data-widget_type=\"text-editor.default\">\n\t\t\t\t<div class=\"elementor-widget-container\">\n\t\t\t\t\t\t\t\t\t<p>En cumplimiento del art\u00edculo 22 de la Ley 34\/2002, de 11 de julio, de servicios de la sociedad de la informaci\u00f3n y de comercio electr\u00f3nico (LSSI), en relaci\u00f3n con el Reglamento (UE) 2016\/679 del Parlamento Europeo y del Consejo, de 27 de abril de 2016, General de Protecci\u00f3n de Datos (RGPD) y la Ley Org\u00e1nica 3\/2018, de 5 de diciembre, de Protecci\u00f3n de Datos y garant\u00eda de los derechos digitales (LOPDGDD), el Titular pone a disposici\u00f3n de los usuarios la Pol\u00edtica de recogida y tratamiento de cookies del sitio web.<\/p><h2>Qu\u00e9 son las cookies<\/h2><p>Una cookie es un archivo que se descarga en su ordenador al acceder a determinadas p\u00e1ginas web. Las cookies permiten a una p\u00e1gina web, entre otras cosas, almacenar y recuperar informaci\u00f3n sobre los h\u00e1bitos de navegaci\u00f3n de los usuarios y, dependiendo de la informaci\u00f3n que contengan y de la manera en la que se utilice el dispositivo, pueden utilizarse para identificar al usuario.<\/p><h2>Cookies utilizadas en el sitio web<\/h2><p>A continuaci\u00f3n se clasifican las cookies utilizadas en este sitio web:<\/p><p><strong>Seg\u00fan la entidad que las gestiona<\/strong><\/p><ul><li><strong>Cookies propias<\/strong>: Son las que se env\u00edan y gestionan directamente por el Titular.<\/li><li><strong>Cookies de terceros<\/strong>: Son las que se env\u00edan al usuario desde un dominio externo al Titular.<\/li><\/ul><p><strong>Seg\u00fan la finalidad<\/strong><\/p><ul><li><strong>Cookies t\u00e9cnicas<\/strong>: Permiten a los usuarios registrados navegar por el sitio web, acceder al \u00e1rea restringida y utilizar sus diferentes funciones, como el sistema de comentarios o el buscador.<\/li><li><strong>Cookies de personalizaci\u00f3n<\/strong>: Permiten a los usuarios acceder al servicio con algunas caracter\u00edsticas generales predefinidas en funci\u00f3n de una serie de criterios establecidos por el usuario, como el idioma o el tipo de navegador utilizado.<\/li><li><strong>Cookies de an\u00e1lisis o medida<\/strong>: Permiten cuantificar el n\u00famero de usuarios y realizar la medici\u00f3n y el an\u00e1lisis estad\u00edstico de la utilizaci\u00f3n que hacen los usuarios del sitio web, con el fin de mejorarlo.<\/li><\/ul><p><strong>Seg\u00fan la duraci\u00f3n<\/strong><\/p><ul><li><strong>Cookies de sesi\u00f3n<\/strong>: Dise\u00f1adas para almacenar datos mientras el usuario accede al sitio web.<\/li><li><strong>Cookies persistentes<\/strong>: Los datos siguen almacenados en el dispositivo del usuario y pueden ser accedidos y tratados durante un per\u00edodo definido por el responsable de la cookie.<\/li><\/ul><h2>Listado de cookies utilizadas<\/h2><p>Este sitio web puede instalar las siguientes cookies:<\/p><p><strong>Cookies t\u00e9cnicas<\/strong><\/p><ul><li><strong>wp-settings-{user_id}<\/strong>: Cookie t\u00e9cnica que mantiene la configuraci\u00f3n del usuario en el escritorio de WordPress (\/wp-admin). Es persistente y tiene una duraci\u00f3n de 1 a\u00f1o.<\/li><li><strong>hasConsent<\/strong>: Cookie t\u00e9cnica que almacena el consentimiento del usuario. Es persistente y tiene una duraci\u00f3n de 1 a\u00f1o.<\/li><\/ul><p><strong>Cookies de an\u00e1lisis o medida<\/strong><\/p><ul><li><strong>_ga<\/strong>: Cookie anal\u00edtica que permite el control de visitas \u00fanicas. Es persistente y tiene una duraci\u00f3n de 2 a\u00f1os.<\/li><li><strong>_gat<\/strong>: Cookie anal\u00edtica para limitar el n\u00famero de solicitudes. Tiene un \u00e1mbito de sesi\u00f3n y una duraci\u00f3n de 1 minuto.<\/li><li><strong>_gid<\/strong>: Cookie anal\u00edtica para distinguir usuarios. Tiene un \u00e1mbito de sesi\u00f3n y una duraci\u00f3n de 24 horas.<\/li><\/ul><h2>Informaci\u00f3n adicional<\/h2><p><strong><br \/><\/strong>Google Analytics puede instalar otras cookies seg\u00fan el documento de uso de cookies de Google Analytics en sitios web, que puede consultar en este enlace.<\/p><h2>Eliminaci\u00f3n de cookies<\/h2><p>Puede aceptar, bloquear o eliminar las cookies instaladas en su dispositivo mediante la configuraci\u00f3n de las opciones del navegador. Tenga en cuenta que parte del sitio puede no funcionar correctamente o que algunas funcionalidades pueden no estar disponibles o presentar errores.<\/p><p>En los siguientes enlaces encontrar\u00e1 instrucciones para habilitar o deshabilitar las cookies en los navegadores m\u00e1s comunes:<\/p><ul><li>Firefox<\/li><li>Google Chrome<\/li><li>Internet Explorer<\/li><li>Microsoft Edge<\/li><li>Safari<\/li><\/ul><h2>Tratamiento de datos personales<\/h2><p>El Titular es el responsable del tratamiento de los datos personales del usuario. Puede consultar toda la informaci\u00f3n relativa al tratamiento de datos personales en la p\u00e1gina de la Pol\u00edtica de privacidad.<\/p><h2>Contacto<\/h2><p>En caso de que tenga cualquier duda sobre esta Pol\u00edtica de Cookies o quiera hacer alg\u00fan comentario sobre este sitio web, puede enviar un correo electr\u00f3nico a: info@latramuntana.com.<\/p>\t\t\t\t\t\t\t\t<\/div>\n\t\t\t\t<\/div>\n\t\t\t\t\t<\/div>\n\t\t\t\t<\/div>\n\t\t\t\t<\/div>\n\t\t","protected":false},"excerpt":{"rendered":"<p>En cumplimiento del art\u00edculo 22 de la Ley 34\/2002, de 11 de julio, de servicios de la sociedad de la informaci\u00f3n y de comercio electr\u00f3nico (LSSI), en relaci\u00f3n con el Reglamento (UE) 2016\/679 del Parlamento Europeo y del Consejo, de 27 de abril de 2016, General de Protecci\u00f3n de Datos (RGPD) y la Ley Org\u00e1nica [&hellip;]<\/p>\n","protected":false},"author":1,"featured_media":6845,"parent":0,"menu_order":0,"comment_status":"closed","ping_status":"closed","template":"elementor_header_footer","meta":{"footnotes":""},"class_list":["post-7903","page","type-page","status-publish","has-post-thumbnail","hentry"],"yoast_head":"<!-- This site is optimized with the Yoast SEO plugin v27.6 - https:\/\/yoast.com\/product\/yoast-seo-wordpress\/ -->\n<title>Pol\u00edtica de cookies - La Tramuntana<\/title>\n<meta name=\"robots\" content=\"noindex, nofollow\" \/>\n<meta property=\"og:locale\" content=\"es_ES\" \/>\n<meta property=\"og:type\" content=\"article\" \/>\n<meta property=\"og:title\" content=\"Pol\u00edtica de cookies - La Tramuntana\" \/>\n<meta property=\"og:description\" content=\"En cumplimiento del art\u00edculo 22 de la Ley 34\/2002, de 11 de julio, de servicios de la sociedad de la informaci\u00f3n y de comercio electr\u00f3nico (LSSI), en relaci\u00f3n con el Reglamento (UE) 2016\/679 del Parlamento Europeo y del Consejo, de 27 de abril de 2016, General de Protecci\u00f3n de Datos (RGPD) y la Ley Org\u00e1nica [&hellip;]\" \/>\n<meta property=\"og:url\" content=\"https:\/\/www.latramuntana.com\/es\/cookies\/\" \/>\n<meta property=\"og:site_name\" content=\"La Tramuntana\" \/>\n<meta property=\"article:publisher\" content=\"https:\/\/www.facebook.com\/gruptramuntana\" \/>\n<meta property=\"article:modified_time\" content=\"2024-12-22T19:38:44+00:00\" \/>\n<meta property=\"og:image\" content=\"https:\/\/www.latramuntana.com\/wp-content\/uploads\/2024\/11\/Portada-Supermercats.webp\" \/>\n\t<meta property=\"og:image:width\" content=\"1200\" \/>\n\t<meta property=\"og:image:height\" content=\"800\" \/>\n\t<meta property=\"og:image:type\" content=\"image\/webp\" \/>\n<meta name=\"twitter:card\" content=\"summary_large_image\" \/>\n<meta name=\"twitter:label1\" content=\"Tiempo de lectura\" \/>\n\t<meta name=\"twitter:data1\" content=\"4 minutos\" \/>\n<script type=\"application\/ld+json\" class=\"yoast-schema-graph\">{\"@context\":\"https:\\\/\\\/schema.org\",\"@graph\":[{\"@type\":\"WebPage\",\"@id\":\"https:\\\/\\\/www.latramuntana.com\\\/es\\\/cookies\\\/\",\"url\":\"https:\\\/\\\/www.latramuntana.com\\\/es\\\/cookies\\\/\",\"name\":\"Pol\u00edtica de cookies - La Tramuntana\",\"isPartOf\":{\"@id\":\"https:\\\/\\\/www.latramuntana.com\\\/es\\\/#website\"},\"primaryImageOfPage\":{\"@id\":\"https:\\\/\\\/www.latramuntana.com\\\/es\\\/cookies\\\/#primaryimage\"},\"image\":{\"@id\":\"https:\\\/\\\/www.latramuntana.com\\\/es\\\/cookies\\\/#primaryimage\"},\"thumbnailUrl\":\"https:\\\/\\\/www.latramuntana.com\\\/wp-content\\\/uploads\\\/2024\\\/11\\\/Portada-Supermercats.webp\",\"datePublished\":\"2024-10-29T12:09:22+00:00\",\"dateModified\":\"2024-12-22T19:38:44+00:00\",\"breadcrumb\":{\"@id\":\"https:\\\/\\\/www.latramuntana.com\\\/es\\\/cookies\\\/#breadcrumb\"},\"inLanguage\":\"es\",\"potentialAction\":[{\"@type\":\"ReadAction\",\"target\":[\"https:\\\/\\\/www.latramuntana.com\\\/es\\\/cookies\\\/\"]}]},{\"@type\":\"ImageObject\",\"inLanguage\":\"es\",\"@id\":\"https:\\\/\\\/www.latramuntana.com\\\/es\\\/cookies\\\/#primaryimage\",\"url\":\"https:\\\/\\\/www.latramuntana.com\\\/wp-content\\\/uploads\\\/2024\\\/11\\\/Portada-Supermercats.webp\",\"contentUrl\":\"https:\\\/\\\/www.latramuntana.com\\\/wp-content\\\/uploads\\\/2024\\\/11\\\/Portada-Supermercats.webp\",\"width\":1200,\"height\":800,\"caption\":\"Exterior del supermercat Tramuntana 3 amb p\u00e0rquing al davant\"},{\"@type\":\"BreadcrumbList\",\"@id\":\"https:\\\/\\\/www.latramuntana.com\\\/es\\\/cookies\\\/#breadcrumb\",\"itemListElement\":[{\"@type\":\"ListItem\",\"position\":1,\"name\":\"Portada\",\"item\":\"https:\\\/\\\/www.latramuntana.com\\\/es\\\/\"},{\"@type\":\"ListItem\",\"position\":2,\"name\":\"Pol\u00edtica de cookies\"}]},{\"@type\":\"WebSite\",\"@id\":\"https:\\\/\\\/www.latramuntana.com\\\/es\\\/#website\",\"url\":\"https:\\\/\\\/www.latramuntana.com\\\/es\\\/\",\"name\":\"La Tramuntana\",\"description\":\"\",\"publisher\":{\"@id\":\"https:\\\/\\\/www.latramuntana.com\\\/es\\\/#organization\"},\"potentialAction\":[{\"@type\":\"SearchAction\",\"target\":{\"@type\":\"EntryPoint\",\"urlTemplate\":\"https:\\\/\\\/www.latramuntana.com\\\/es\\\/?s={search_term_string}\"},\"query-input\":{\"@type\":\"PropertyValueSpecification\",\"valueRequired\":true,\"valueName\":\"search_term_string\"}}],\"inLanguage\":\"es\"},{\"@type\":\"Organization\",\"@id\":\"https:\\\/\\\/www.latramuntana.com\\\/es\\\/#organization\",\"name\":\"La Tramuntana\",\"url\":\"https:\\\/\\\/www.latramuntana.com\\\/es\\\/\",\"logo\":{\"@type\":\"ImageObject\",\"inLanguage\":\"es\",\"@id\":\"https:\\\/\\\/www.latramuntana.com\\\/es\\\/#\\\/schema\\\/logo\\\/image\\\/\",\"url\":\"https:\\\/\\\/www.latramuntana.com\\\/wp-content\\\/uploads\\\/2024\\\/06\\\/latramuntana-logo.svg\",\"contentUrl\":\"https:\\\/\\\/www.latramuntana.com\\\/wp-content\\\/uploads\\\/2024\\\/06\\\/latramuntana-logo.svg\",\"width\":500,\"height\":55,\"caption\":\"La Tramuntana\"},\"image\":{\"@id\":\"https:\\\/\\\/www.latramuntana.com\\\/es\\\/#\\\/schema\\\/logo\\\/image\\\/\"},\"sameAs\":[\"https:\\\/\\\/www.facebook.com\\\/gruptramuntana\",\"https:\\\/\\\/www.instagram.com\\\/gruptramuntana\\\/\",\"https:\\\/\\\/www.linkedin.com\\\/company\\\/gruptramuntana\\\/\"]}]}<\/script>\n<!-- \/ Yoast SEO plugin. -->","yoast_head_json":{"title":"Pol\u00edtica de cookies - La Tramuntana","robots":{"index":"noindex","follow":"nofollow"},"og_locale":"es_ES","og_type":"article","og_title":"Pol\u00edtica de cookies - La Tramuntana","og_description":"En cumplimiento del art\u00edculo 22 de la Ley 34\/2002, de 11 de julio, de servicios de la sociedad de la informaci\u00f3n y de comercio electr\u00f3nico (LSSI), en relaci\u00f3n con el Reglamento (UE) 2016\/679 del Parlamento Europeo y del Consejo, de 27 de abril de 2016, General de Protecci\u00f3n de Datos (RGPD) y la Ley Org\u00e1nica [&hellip;]","og_url":"https:\/\/www.latramuntana.com\/es\/cookies\/","og_site_name":"La Tramuntana","article_publisher":"https:\/\/www.facebook.com\/gruptramuntana","article_modified_time":"2024-12-22T19:38:44+00:00","og_image":[{"width":1200,"height":800,"url":"https:\/\/www.latramuntana.com\/wp-content\/uploads\/2024\/11\/Portada-Supermercats.webp","type":"image\/webp"}],"twitter_card":"summary_large_image","twitter_misc":{"Tiempo de lectura":"4 minutos"},"schema":{"@context":"https:\/\/schema.org","@graph":[{"@type":"WebPage","@id":"https:\/\/www.latramuntana.com\/es\/cookies\/","url":"https:\/\/www.latramuntana.com\/es\/cookies\/","name":"Pol\u00edtica de cookies - La Tramuntana","isPartOf":{"@id":"https:\/\/www.latramuntana.com\/es\/#website"},"primaryImageOfPage":{"@id":"https:\/\/www.latramuntana.com\/es\/cookies\/#primaryimage"},"image":{"@id":"https:\/\/www.latramuntana.com\/es\/cookies\/#primaryimage"},"thumbnailUrl":"https:\/\/www.latramuntana.com\/wp-content\/uploads\/2024\/11\/Portada-Supermercats.webp","datePublished":"2024-10-29T12:09:22+00:00","dateModified":"2024-12-22T19:38:44+00:00","breadcrumb":{"@id":"https:\/\/www.latramuntana.com\/es\/cookies\/#breadcrumb"},"inLanguage":"es","potentialAction":[{"@type":"ReadAction","target":["https:\/\/www.latramuntana.com\/es\/cookies\/"]}]},{"@type":"ImageObject","inLanguage":"es","@id":"https:\/\/www.latramuntana.com\/es\/cookies\/#primaryimage","url":"https:\/\/www.latramuntana.com\/wp-content\/uploads\/2024\/11\/Portada-Supermercats.webp","contentUrl":"https:\/\/www.latramuntana.com\/wp-content\/uploads\/2024\/11\/Portada-Supermercats.webp","width":1200,"height":800,"caption":"Exterior del supermercat Tramuntana 3 amb p\u00e0rquing al davant"},{"@type":"BreadcrumbList","@id":"https:\/\/www.latramuntana.com\/es\/cookies\/#breadcrumb","itemListElement":[{"@type":"ListItem","position":1,"name":"Portada","item":"https:\/\/www.latramuntana.com\/es\/"},{"@type":"ListItem","position":2,"name":"Pol\u00edtica de cookies"}]},{"@type":"WebSite","@id":"https:\/\/www.latramuntana.com\/es\/#website","url":"https:\/\/www.latramuntana.com\/es\/","name":"La Tramuntana","description":"","publisher":{"@id":"https:\/\/www.latramuntana.com\/es\/#organization"},"potentialAction":[{"@type":"SearchAction","target":{"@type":"EntryPoint","urlTemplate":"https:\/\/www.latramuntana.com\/es\/?s={search_term_string}"},"query-input":{"@type":"PropertyValueSpecification","valueRequired":true,"valueName":"search_term_string"}}],"inLanguage":"es"},{"@type":"Organization","@id":"https:\/\/www.latramuntana.com\/es\/#organization","name":"La Tramuntana","url":"https:\/\/www.latramuntana.com\/es\/","logo":{"@type":"ImageObject","inLanguage":"es","@id":"https:\/\/www.latramuntana.com\/es\/#\/schema\/logo\/image\/","url":"https:\/\/www.latramuntana.com\/wp-content\/uploads\/2024\/06\/latramuntana-logo.svg","contentUrl":"https:\/\/www.latramuntana.com\/wp-content\/uploads\/2024\/06\/latramuntana-logo.svg","width":500,"height":55,"caption":"La Tramuntana"},"image":{"@id":"https:\/\/www.latramuntana.com\/es\/#\/schema\/logo\/image\/"},"sameAs":["https:\/\/www.facebook.com\/gruptramuntana","https:\/\/www.instagram.com\/gruptramuntana\/","https:\/\/www.linkedin.com\/company\/gruptramuntana\/"]}]}},"_links":{"self":[{"href":"https:\/\/www.latramuntana.com\/es\/wp-json\/wp\/v2\/pages\/7903","targetHints":{"allow":["GET"]}}],"collection":[{"href":"https:\/\/www.latramuntana.com\/es\/wp-json\/wp\/v2\/pages"}],"about":[{"href":"https:\/\/www.latramuntana.com\/es\/wp-json\/wp\/v2\/types\/page"}],"author":[{"embeddable":true,"href":"https:\/\/www.latramuntana.com\/es\/wp-json\/wp\/v2\/users\/1"}],"replies":[{"embeddable":true,"href":"https:\/\/www.latramuntana.com\/es\/wp-json\/wp\/v2\/comments?post=7903"}],"version-history":[{"count":0,"href":"https:\/\/www.latramuntana.com\/es\/wp-json\/wp\/v2\/pages\/7903\/revisions"}],"wp:featuredmedia":[{"embeddable":true,"href":"https:\/\/www.latramuntana.com\/es\/wp-json\/wp\/v2\/media\/6845"}],"wp:attachment":[{"href":"https:\/\/www.latramuntana.com\/es\/wp-json\/wp\/v2\/media?parent=7903"}],"curies":[{"name":"wp","href":"https:\/\/api.w.org\/{rel}","templated":true}]}}