{"id":7906,"date":"2024-10-29T13:08:59","date_gmt":"2024-10-29T12:08:59","guid":{"rendered":"https:\/\/www.latramuntana.com\/avis-legal\/"},"modified":"2024-12-22T20:22:18","modified_gmt":"2024-12-22T19:22:18","slug":"aviso-legal","status":"publish","type":"page","link":"https:\/\/www.latramuntana.com\/es\/aviso-legal\/","title":{"rendered":"Av\u00edso legal"},"content":{"rendered":"\t\t<div data-elementor-type=\"wp-page\" data-elementor-id=\"7906\" class=\"elementor elementor-7906 elementor-1989\" data-elementor-post-type=\"page\">\n\t\t\t\t<div class=\"elementor-element elementor-element-8722e23 e-flex e-con-boxed e-con e-parent\" data-id=\"8722e23\" data-element_type=\"container\" data-e-type=\"container\" data-settings=\"{&quot;background_background&quot;:&quot;classic&quot;}\">\n\t\t\t\t\t<div class=\"e-con-inner\">\n\t\t\t\t<div class=\"elementor-element elementor-element-0fc1306 elementor-widget elementor-widget-heading\" data-id=\"0fc1306\" data-element_type=\"widget\" data-e-type=\"widget\" data-widget_type=\"heading.default\">\n\t\t\t\t<div class=\"elementor-widget-container\">\n\t\t\t\t\t<h1 class=\"elementor-heading-title elementor-size-default\">Av\u00edso legal<\/h1>\t\t\t\t<\/div>\n\t\t\t\t<\/div>\n\t\t\t\t<div class=\"elementor-element elementor-element-79be4b4 elementor-widget-divider--view-line elementor-widget elementor-widget-divider\" data-id=\"79be4b4\" data-element_type=\"widget\" data-e-type=\"widget\" data-widget_type=\"divider.default\">\n\t\t\t\t<div class=\"elementor-widget-container\">\n\t\t\t\t\t\t\t<div class=\"elementor-divider\">\n\t\t\t<span class=\"elementor-divider-separator\">\n\t\t\t\t\t\t<\/span>\n\t\t<\/div>\n\t\t\t\t\t\t<\/div>\n\t\t\t\t<\/div>\n\t\t\t\t<div class=\"elementor-element elementor-element-9732c5e color-responsivo elementor-widget elementor-widget-text-editor\" data-id=\"9732c5e\" data-element_type=\"widget\" data-e-type=\"widget\" data-widget_type=\"text-editor.default\">\n\t\t\t\t<div class=\"elementor-widget-container\">\n\t\t\t\t\t\t\t\t\t<p>En cumplimiento del deber de informar recogido en el art\u00edculo 10 de la Ley 34\/2002, de 11 de julio, de Servicios de la Sociedad de la Informaci\u00f3n y de Comercio Electr\u00f3nico, a continuaci\u00f3n se reflejan los siguientes datos:\u00a0<\/p><p>Empresa titular de este sitio web:\u00a0<\/p><ul><li>VENT DE FRANCE LA TRAMUNTANA SAU<\/li><li>I.F.: A17045956<\/li><li>Domicili: Avinguda de Catalunya 4, 17709 El Port\u00fas, Espanya<\/li><li>Tel\u00e8fon: 972 55 42 75<\/li><li>Correu electr\u00f2nic: <a href=\"mailto:info@latramuntana.com\">info@latramuntana.com<\/a><\/li><\/ul><h2>Objeto\u00a0<\/h2><p>El responsable pone a disposici\u00f3n de los usuarios el presente documento con la finalidad de cumplir con la normativa vigente en materia de protecci\u00f3n de datos y en el contexto del nuevo marco normativo establecido por el Reglamento (UE) 2016\/679 del Parlamento Europeo y del Consejo, de 27 de abril de 2016, relativo a la protecci\u00f3n de las personas f\u00edsicas en cuanto al tratamiento de datos personales y a la libre circulaci\u00f3n de estos datos (en adelante, el \u00abRGPD\u00bb), as\u00ed como la normativa nacional establecida por la Ley Org\u00e1nica de Protecci\u00f3n de Datos y Garant\u00eda de los Derechos Digitales (en adelante, la \u00abLOPDGDD\u00bb), con el objetivo de informar a todos los usuarios del sitio web respecto a las condiciones de uso del mismo.<\/p><p>Toda persona que acceda a este sitio web asume el papel de usuario, comprometi\u00e9ndose a la observancia y cumplimiento riguroso de las disposiciones aqu\u00ed establecidas, as\u00ed como de cualquier otra disposici\u00f3n legal aplicable.<\/p><p>El Responsable se reserva el derecho de modificar cualquier informaci\u00f3n publicada en el sitio web, sin que exista la obligaci\u00f3n de preavisar o poner en conocimiento de los usuarios dichas modificaciones, entendi\u00e9ndose como suficiente la publicaci\u00f3n en el sitio web del Responsable.<\/p><h2>Responsabilidad<\/h2><p>El Responsable se exime de cualquier tipo de responsabilidad derivada de la informaci\u00f3n publicada en su sitio web que haya sido manipulada o introducida por un tercero ajeno.<\/p><h2>Direcciones IP\u00a0<\/h2><p>Los servidores del sitio web detectan de manera autom\u00e1tica la direcci\u00f3n IP y el nombre de dominio utilizados por el usuario.<\/p><p>Una direcci\u00f3n IP es un n\u00famero asignado autom\u00e1ticamente a un ordenador cuando se conecta a Internet. Toda esta informaci\u00f3n se registra en un fichero de actividad del servidor, que permite el procesamiento posterior de los datos para obtener medidas estad\u00edsticas como el n\u00famero de impresiones de p\u00e1ginas, el n\u00famero de visitas realizadas, el orden de visitas y el punto de acceso, entre otros.<\/p><h2>Pol\u00edtica de enlaces\u00a0<\/h2><p>Desde este sitio web es posible redirigirse a contenidos de sitios web de terceros. Dado que el Responsable no puede controlar siempre los contenidos introducidos por los terceros en sus sitios web, \u00e9ste no asume ning\u00fan tipo de responsabilidad respecto a dichos contenidos. En todo caso, el Responsable manifiesta que proceder\u00e1 a la retirada inmediata de cualquier contenido que pueda contravenir la legislaci\u00f3n nacional o internacional, la moral o el orden p\u00fablico, e informar\u00e1 a las autoridades competentes.<\/p><p>El Responsable no se hace responsable de la informaci\u00f3n y contenidos almacenados, a t\u00edtulo enunciativo pero no limitativo, en foros, chats, generadores de blogs, comentarios, redes sociales u otros medios que permitan a terceros publicar contenidos de forma independiente en el sitio web del Responsable. No obstante, en cumplimiento de lo dispuesto en el art. 11 y 16 de la LSSICE, el Responsable colabora activamente en la retirada o, en su caso, el bloqueo de todos aquellos contenidos que puedan afectar o contravenir la legislaci\u00f3n, derechos de terceros, o la moral y el orden p\u00fablico. Si un usuario considera que existe en el sitio web alg\u00fan contenido susceptible de esta clasificaci\u00f3n, se ruega que lo comunique inmediatamente al administrador del sitio web.<\/p><p>Este sitio web ha sido revisado y probado para garantizar su correcto funcionamiento los 365 d\u00edas del a\u00f1o, 24 horas al d\u00eda. No obstante, el Responsable no descarta la posibilidad de que existan ciertos errores de programaci\u00f3n o que se produzcan causas de fuerza mayor, cat\u00e1strofes naturales, huelgas u otras circunstancias que puedan hacer imposible el acceso al sitio web.<\/p><h2>Protecci\u00f3n de datos\u00a0<\/h2><p>El Responsable cumple con lo dispuesto en el Reglamento (UE) 2016\/679 del Parlamento Europeo y del Consejo, de 27 de abril de 2016, relativo a la protecci\u00f3n de las personas f\u00edsicas en cuanto al tratamiento de datos personales y a la libre circulaci\u00f3n de estos datos (RGPD), as\u00ed como con la normativa nacional establecida por la Ley Org\u00e1nica de Protecci\u00f3n de Datos y Garant\u00eda de los Derechos Digitales (LOPDGDD).<\/p><p>Asimismo, el Responsable informa que cumple con la Ley 34\/2002, de 11 de julio, de Servicios de la Sociedad de la Informaci\u00f3n y Comercio Electr\u00f3nico, y solicitar\u00e1 su consentimiento para el tratamiento de sus datos con fines comerciales en cada momento que sea necesario.<\/p><h2>Propiedad intelectual e industrial\u00a0<\/h2><p>El sitio web, incluyendo, a t\u00edtulo enunciativo pero no limitativo, su programaci\u00f3n, edici\u00f3n, compilaci\u00f3n y dem\u00e1s elementos necesarios para su funcionamiento, los dise\u00f1os, logotipos, textos y\/o gr\u00e1ficos, son propiedad del Responsable o, en su caso, dispone de licencia o autorizaci\u00f3n expresa de los autores.<\/p><p>Todos los contenidos del sitio web est\u00e1n debidamente protegidos por la normativa de propiedad intelectual e industrial.<\/p><p>Independientemente de la finalidad para la cual fueran destinados, la reproducci\u00f3n total o parcial, uso, explotaci\u00f3n, distribuci\u00f3n y comercializaci\u00f3n requiere en todo caso de la autorizaci\u00f3n previa y por escrito del Responsable. Cualquier uso no autorizado previamente ser\u00e1 considerado un incumplimiento grave de los derechos de propiedad intelectual o industrial del autor.<\/p><p>Los dise\u00f1os, logotipos, textos y\/o gr\u00e1ficos ajenos al Responsable y que pudieran aparecer en el sitio web pertenecen a sus respectivos propietarios, quienes son responsables de cualquier posible controversia que pudiera suscitarse respecto a ellos. En todo caso, el Responsable cuenta con la autorizaci\u00f3n expresa y previa por parte de dichos propietarios.<\/p><p>El Responsable reconoce a favor de sus titulares los derechos de propiedad intelectual e industrial. Su menci\u00f3n o aparici\u00f3n en el sitio web no implica que el Responsable tenga ning\u00fan derecho o responsabilidad sobre los mismos, ni tampoco que los respalde, los patrocine o los recomiende.<\/p><p>Para todas aquellas im\u00e1genes en las que el software de dise\u00f1o lo permita, se han incluido las referencias correspondientes a la autor\u00eda y la licencia.<\/p><p>Para realizar cualquier observaci\u00f3n respecto a posibles incumplimientos de los derechos de propiedad intelectual o industrial, as\u00ed como sobre cualquiera de los contenidos del sitio web, puede hacerlo por escrito a la direcci\u00f3n indicada en el encabezado.<\/p><h2>SSL\u00a0<\/h2><p>El Responsable ha contratado para su sitio web un certificado SSL (\u00abSecure Sockets Layer\u00bb).<\/p><p>Un certificado SSL permite proteger toda la informaci\u00f3n personal y confidencial que se pueda gestionar en un sitio web, independientemente de la informaci\u00f3n transmitida, desde cualquier formulario de contacto de la web hasta el servidor o los datos introducidos para la suscripci\u00f3n de boletines de noticias o accesos a \u00e1reas protegidas.<\/p><p>La direcci\u00f3n del sitio web aparecer\u00e1 en color verde, activando el protocolo \u00abhttps\u00bb que permite conexiones seguras desde un servidor web al navegador del usuario.<\/p>\t\t\t\t\t\t\t\t<\/div>\n\t\t\t\t<\/div>\n\t\t\t\t\t<\/div>\n\t\t\t\t<\/div>\n\t\t\t\t<\/div>\n\t\t","protected":false},"excerpt":{"rendered":"<p>En cumplimiento del deber de informar recogido en el art\u00edculo 10 de la Ley 34\/2002, de 11 de julio, de Servicios de la Sociedad de la Informaci\u00f3n y de Comercio Electr\u00f3nico, a continuaci\u00f3n se reflejan los siguientes datos:\u00a0 Empresa titular de este sitio web:\u00a0 VENT DE FRANCE LA TRAMUNTANA SAU I.F.: A17045956 Domicili: Avinguda de [&hellip;]<\/p>\n","protected":false},"author":1,"featured_media":6845,"parent":0,"menu_order":0,"comment_status":"closed","ping_status":"closed","template":"elementor_header_footer","meta":{"footnotes":""},"class_list":["post-7906","page","type-page","status-publish","has-post-thumbnail","hentry"],"yoast_head":"<!-- This site is optimized with the Yoast SEO plugin v27.4 - https:\/\/yoast.com\/product\/yoast-seo-wordpress\/ -->\n<title>Av\u00edso legal - La Tramuntana<\/title>\n<meta name=\"robots\" content=\"noindex, nofollow\" \/>\n<meta property=\"og:locale\" content=\"es_ES\" \/>\n<meta property=\"og:type\" content=\"article\" \/>\n<meta property=\"og:title\" content=\"Av\u00edso legal - La Tramuntana\" \/>\n<meta property=\"og:description\" content=\"En cumplimiento del deber de informar recogido en el art\u00edculo 10 de la Ley 34\/2002, de 11 de julio, de Servicios de la Sociedad de la Informaci\u00f3n y de Comercio Electr\u00f3nico, a continuaci\u00f3n se reflejan los siguientes datos:\u00a0 Empresa titular de este sitio web:\u00a0 VENT DE FRANCE LA TRAMUNTANA SAU I.F.: A17045956 Domicili: Avinguda de [&hellip;]\" \/>\n<meta property=\"og:url\" content=\"https:\/\/www.latramuntana.com\/es\/aviso-legal\/\" \/>\n<meta property=\"og:site_name\" content=\"La Tramuntana\" \/>\n<meta property=\"article:publisher\" content=\"https:\/\/www.facebook.com\/gruptramuntana\" \/>\n<meta property=\"article:modified_time\" content=\"2024-12-22T19:22:18+00:00\" \/>\n<meta property=\"og:image\" content=\"https:\/\/www.latramuntana.com\/wp-content\/uploads\/2024\/11\/Portada-Supermercats.webp\" \/>\n\t<meta property=\"og:image:width\" content=\"1200\" \/>\n\t<meta property=\"og:image:height\" content=\"800\" \/>\n\t<meta property=\"og:image:type\" content=\"image\/webp\" \/>\n<meta name=\"twitter:card\" content=\"summary_large_image\" \/>\n<meta name=\"twitter:label1\" content=\"Tiempo de lectura\" \/>\n\t<meta name=\"twitter:data1\" content=\"7 minutos\" \/>\n<script type=\"application\/ld+json\" class=\"yoast-schema-graph\">{\"@context\":\"https:\\\/\\\/schema.org\",\"@graph\":[{\"@type\":\"WebPage\",\"@id\":\"https:\\\/\\\/www.latramuntana.com\\\/es\\\/aviso-legal\\\/\",\"url\":\"https:\\\/\\\/www.latramuntana.com\\\/es\\\/aviso-legal\\\/\",\"name\":\"Av\u00edso legal - La Tramuntana\",\"isPartOf\":{\"@id\":\"https:\\\/\\\/www.latramuntana.com\\\/es\\\/#website\"},\"primaryImageOfPage\":{\"@id\":\"https:\\\/\\\/www.latramuntana.com\\\/es\\\/aviso-legal\\\/#primaryimage\"},\"image\":{\"@id\":\"https:\\\/\\\/www.latramuntana.com\\\/es\\\/aviso-legal\\\/#primaryimage\"},\"thumbnailUrl\":\"https:\\\/\\\/www.latramuntana.com\\\/wp-content\\\/uploads\\\/2024\\\/11\\\/Portada-Supermercats.webp\",\"datePublished\":\"2024-10-29T12:08:59+00:00\",\"dateModified\":\"2024-12-22T19:22:18+00:00\",\"breadcrumb\":{\"@id\":\"https:\\\/\\\/www.latramuntana.com\\\/es\\\/aviso-legal\\\/#breadcrumb\"},\"inLanguage\":\"es\",\"potentialAction\":[{\"@type\":\"ReadAction\",\"target\":[\"https:\\\/\\\/www.latramuntana.com\\\/es\\\/aviso-legal\\\/\"]}]},{\"@type\":\"ImageObject\",\"inLanguage\":\"es\",\"@id\":\"https:\\\/\\\/www.latramuntana.com\\\/es\\\/aviso-legal\\\/#primaryimage\",\"url\":\"https:\\\/\\\/www.latramuntana.com\\\/wp-content\\\/uploads\\\/2024\\\/11\\\/Portada-Supermercats.webp\",\"contentUrl\":\"https:\\\/\\\/www.latramuntana.com\\\/wp-content\\\/uploads\\\/2024\\\/11\\\/Portada-Supermercats.webp\",\"width\":1200,\"height\":800,\"caption\":\"Exterior del supermercat Tramuntana 3 amb p\u00e0rquing al davant\"},{\"@type\":\"BreadcrumbList\",\"@id\":\"https:\\\/\\\/www.latramuntana.com\\\/es\\\/aviso-legal\\\/#breadcrumb\",\"itemListElement\":[{\"@type\":\"ListItem\",\"position\":1,\"name\":\"Portada\",\"item\":\"https:\\\/\\\/www.latramuntana.com\\\/es\\\/\"},{\"@type\":\"ListItem\",\"position\":2,\"name\":\"Av\u00edso legal\"}]},{\"@type\":\"WebSite\",\"@id\":\"https:\\\/\\\/www.latramuntana.com\\\/es\\\/#website\",\"url\":\"https:\\\/\\\/www.latramuntana.com\\\/es\\\/\",\"name\":\"La Tramuntana\",\"description\":\"\",\"publisher\":{\"@id\":\"https:\\\/\\\/www.latramuntana.com\\\/es\\\/#organization\"},\"potentialAction\":[{\"@type\":\"SearchAction\",\"target\":{\"@type\":\"EntryPoint\",\"urlTemplate\":\"https:\\\/\\\/www.latramuntana.com\\\/es\\\/?s={search_term_string}\"},\"query-input\":{\"@type\":\"PropertyValueSpecification\",\"valueRequired\":true,\"valueName\":\"search_term_string\"}}],\"inLanguage\":\"es\"},{\"@type\":\"Organization\",\"@id\":\"https:\\\/\\\/www.latramuntana.com\\\/es\\\/#organization\",\"name\":\"La Tramuntana\",\"url\":\"https:\\\/\\\/www.latramuntana.com\\\/es\\\/\",\"logo\":{\"@type\":\"ImageObject\",\"inLanguage\":\"es\",\"@id\":\"https:\\\/\\\/www.latramuntana.com\\\/es\\\/#\\\/schema\\\/logo\\\/image\\\/\",\"url\":\"https:\\\/\\\/www.latramuntana.com\\\/wp-content\\\/uploads\\\/2024\\\/06\\\/latramuntana-logo.svg\",\"contentUrl\":\"https:\\\/\\\/www.latramuntana.com\\\/wp-content\\\/uploads\\\/2024\\\/06\\\/latramuntana-logo.svg\",\"width\":500,\"height\":55,\"caption\":\"La Tramuntana\"},\"image\":{\"@id\":\"https:\\\/\\\/www.latramuntana.com\\\/es\\\/#\\\/schema\\\/logo\\\/image\\\/\"},\"sameAs\":[\"https:\\\/\\\/www.facebook.com\\\/gruptramuntana\",\"https:\\\/\\\/www.instagram.com\\\/gruptramuntana\\\/\",\"https:\\\/\\\/www.linkedin.com\\\/company\\\/gruptramuntana\\\/\"]}]}<\/script>\n<!-- \/ Yoast SEO plugin. -->","yoast_head_json":{"title":"Av\u00edso legal - La Tramuntana","robots":{"index":"noindex","follow":"nofollow"},"og_locale":"es_ES","og_type":"article","og_title":"Av\u00edso legal - La Tramuntana","og_description":"En cumplimiento del deber de informar recogido en el art\u00edculo 10 de la Ley 34\/2002, de 11 de julio, de Servicios de la Sociedad de la Informaci\u00f3n y de Comercio Electr\u00f3nico, a continuaci\u00f3n se reflejan los siguientes datos:\u00a0 Empresa titular de este sitio web:\u00a0 VENT DE FRANCE LA TRAMUNTANA SAU I.F.: A17045956 Domicili: Avinguda de [&hellip;]","og_url":"https:\/\/www.latramuntana.com\/es\/aviso-legal\/","og_site_name":"La Tramuntana","article_publisher":"https:\/\/www.facebook.com\/gruptramuntana","article_modified_time":"2024-12-22T19:22:18+00:00","og_image":[{"width":1200,"height":800,"url":"https:\/\/www.latramuntana.com\/wp-content\/uploads\/2024\/11\/Portada-Supermercats.webp","type":"image\/webp"}],"twitter_card":"summary_large_image","twitter_misc":{"Tiempo de lectura":"7 minutos"},"schema":{"@context":"https:\/\/schema.org","@graph":[{"@type":"WebPage","@id":"https:\/\/www.latramuntana.com\/es\/aviso-legal\/","url":"https:\/\/www.latramuntana.com\/es\/aviso-legal\/","name":"Av\u00edso legal - La Tramuntana","isPartOf":{"@id":"https:\/\/www.latramuntana.com\/es\/#website"},"primaryImageOfPage":{"@id":"https:\/\/www.latramuntana.com\/es\/aviso-legal\/#primaryimage"},"image":{"@id":"https:\/\/www.latramuntana.com\/es\/aviso-legal\/#primaryimage"},"thumbnailUrl":"https:\/\/www.latramuntana.com\/wp-content\/uploads\/2024\/11\/Portada-Supermercats.webp","datePublished":"2024-10-29T12:08:59+00:00","dateModified":"2024-12-22T19:22:18+00:00","breadcrumb":{"@id":"https:\/\/www.latramuntana.com\/es\/aviso-legal\/#breadcrumb"},"inLanguage":"es","potentialAction":[{"@type":"ReadAction","target":["https:\/\/www.latramuntana.com\/es\/aviso-legal\/"]}]},{"@type":"ImageObject","inLanguage":"es","@id":"https:\/\/www.latramuntana.com\/es\/aviso-legal\/#primaryimage","url":"https:\/\/www.latramuntana.com\/wp-content\/uploads\/2024\/11\/Portada-Supermercats.webp","contentUrl":"https:\/\/www.latramuntana.com\/wp-content\/uploads\/2024\/11\/Portada-Supermercats.webp","width":1200,"height":800,"caption":"Exterior del supermercat Tramuntana 3 amb p\u00e0rquing al davant"},{"@type":"BreadcrumbList","@id":"https:\/\/www.latramuntana.com\/es\/aviso-legal\/#breadcrumb","itemListElement":[{"@type":"ListItem","position":1,"name":"Portada","item":"https:\/\/www.latramuntana.com\/es\/"},{"@type":"ListItem","position":2,"name":"Av\u00edso legal"}]},{"@type":"WebSite","@id":"https:\/\/www.latramuntana.com\/es\/#website","url":"https:\/\/www.latramuntana.com\/es\/","name":"La Tramuntana","description":"","publisher":{"@id":"https:\/\/www.latramuntana.com\/es\/#organization"},"potentialAction":[{"@type":"SearchAction","target":{"@type":"EntryPoint","urlTemplate":"https:\/\/www.latramuntana.com\/es\/?s={search_term_string}"},"query-input":{"@type":"PropertyValueSpecification","valueRequired":true,"valueName":"search_term_string"}}],"inLanguage":"es"},{"@type":"Organization","@id":"https:\/\/www.latramuntana.com\/es\/#organization","name":"La Tramuntana","url":"https:\/\/www.latramuntana.com\/es\/","logo":{"@type":"ImageObject","inLanguage":"es","@id":"https:\/\/www.latramuntana.com\/es\/#\/schema\/logo\/image\/","url":"https:\/\/www.latramuntana.com\/wp-content\/uploads\/2024\/06\/latramuntana-logo.svg","contentUrl":"https:\/\/www.latramuntana.com\/wp-content\/uploads\/2024\/06\/latramuntana-logo.svg","width":500,"height":55,"caption":"La Tramuntana"},"image":{"@id":"https:\/\/www.latramuntana.com\/es\/#\/schema\/logo\/image\/"},"sameAs":["https:\/\/www.facebook.com\/gruptramuntana","https:\/\/www.instagram.com\/gruptramuntana\/","https:\/\/www.linkedin.com\/company\/gruptramuntana\/"]}]}},"_links":{"self":[{"href":"https:\/\/www.latramuntana.com\/es\/wp-json\/wp\/v2\/pages\/7906","targetHints":{"allow":["GET"]}}],"collection":[{"href":"https:\/\/www.latramuntana.com\/es\/wp-json\/wp\/v2\/pages"}],"about":[{"href":"https:\/\/www.latramuntana.com\/es\/wp-json\/wp\/v2\/types\/page"}],"author":[{"embeddable":true,"href":"https:\/\/www.latramuntana.com\/es\/wp-json\/wp\/v2\/users\/1"}],"replies":[{"embeddable":true,"href":"https:\/\/www.latramuntana.com\/es\/wp-json\/wp\/v2\/comments?post=7906"}],"version-history":[{"count":0,"href":"https:\/\/www.latramuntana.com\/es\/wp-json\/wp\/v2\/pages\/7906\/revisions"}],"wp:featuredmedia":[{"embeddable":true,"href":"https:\/\/www.latramuntana.com\/es\/wp-json\/wp\/v2\/media\/6845"}],"wp:attachment":[{"href":"https:\/\/www.latramuntana.com\/es\/wp-json\/wp\/v2\/media?parent=7906"}],"curies":[{"name":"wp","href":"https:\/\/api.w.org\/{rel}","templated":true}]}}