{"id":7918,"date":"2024-10-24T18:19:01","date_gmt":"2024-10-24T16:19:01","guid":{"rendered":"https:\/\/www.latramuntana.com\/privacitat\/"},"modified":"2025-01-30T09:44:57","modified_gmt":"2025-01-30T08:44:57","slug":"privacidad","status":"publish","type":"page","link":"https:\/\/www.latramuntana.com\/es\/privacidad\/","title":{"rendered":"Pol\u00edtica de privacidad"},"content":{"rendered":"\t\t<div data-elementor-type=\"wp-page\" data-elementor-id=\"7918\" class=\"elementor elementor-7918 elementor-1432\" data-elementor-post-type=\"page\">\n\t\t\t\t<div class=\"elementor-element elementor-element-8722e23 e-flex e-con-boxed e-con e-parent\" data-id=\"8722e23\" data-element_type=\"container\" data-e-type=\"container\" data-settings=\"{&quot;background_background&quot;:&quot;classic&quot;}\">\n\t\t\t\t\t<div class=\"e-con-inner\">\n\t\t\t\t<div class=\"elementor-element elementor-element-0fc1306 elementor-widget elementor-widget-heading\" data-id=\"0fc1306\" data-element_type=\"widget\" data-e-type=\"widget\" data-widget_type=\"heading.default\">\n\t\t\t\t<div class=\"elementor-widget-container\">\n\t\t\t\t\t<h1 class=\"elementor-heading-title elementor-size-default\">Pol\u00edtica de privacidad<\/h1>\t\t\t\t<\/div>\n\t\t\t\t<\/div>\n\t\t\t\t<div class=\"elementor-element elementor-element-79be4b4 elementor-widget-divider--view-line elementor-widget elementor-widget-divider\" data-id=\"79be4b4\" data-element_type=\"widget\" data-e-type=\"widget\" data-widget_type=\"divider.default\">\n\t\t\t\t<div class=\"elementor-widget-container\">\n\t\t\t\t\t\t\t<div class=\"elementor-divider\">\n\t\t\t<span class=\"elementor-divider-separator\">\n\t\t\t\t\t\t<\/span>\n\t\t<\/div>\n\t\t\t\t\t\t<\/div>\n\t\t\t\t<\/div>\n\t\t\t\t<div class=\"elementor-element elementor-element-9732c5e color-responsivo elementor-widget elementor-widget-text-editor\" data-id=\"9732c5e\" data-element_type=\"widget\" data-e-type=\"widget\" data-widget_type=\"text-editor.default\">\n\t\t\t\t<div class=\"elementor-widget-container\">\n\t\t\t\t\t\t\t\t\t<p>LA TRAMUNTANA es el titular del presente sitio web www.latramuntana.com (el \u00abSitio Web\u00bb) mediante el cual ofrece informaci\u00f3n sobre los productos que, en cada momento, estima oportunos, y comercializa en l\u00ednea los mismos (los \u00abServicios\u00bb). Para que LA TRAMUNTANA pueda prestarle los Servicios, necesita solicitar datos de car\u00e1cter personal e informaci\u00f3n de los usuarios (los \u00abDatos Personales\u00bb). Para LA TRAMUNTANA, la privacidad y la protecci\u00f3n de los datos personales de los usuarios es muy importante; por ello, se ha adaptado y cumple con los requisitos que establece la normativa vigente sobre Protecci\u00f3n de Datos, en este caso, con el Reglamento (UE) 2016\/679 del Parlamento Europeo y del Consejo de 27 de abril de 2016 (en adelante, el \u00abRGPD\u00bb) relativo a la protecci\u00f3n de las personas f\u00edsicas en cuanto al tratamiento de datos personales y a la libre circulaci\u00f3n de datos, y con el resto de normativa nacional que le sea de aplicaci\u00f3n en cada momento. En cualquier caso, puede consultar el Reglamento Europeo en el presente enlace proporcionado por la Agencia Espa\u00f1ola de Protecci\u00f3n de Datos aqu\u00ed. A este efecto, LA TRAMUNTANA ha elaborado la presente pol\u00edtica de privacidad (la \u00abPol\u00edtica de Privacidad\u00bb), que se aplica, junto con la Pol\u00edtica de Cookies, los T\u00e9rminos y Condiciones del sitio web, y las condiciones generales de la Contrataci\u00f3n a cualquier usuario que acceda o se registre en dicho sitio web. Las referencias a \u00abusuario\u00bb, \u00abusted\u00bb y \u00absu\u00bb se refieren a cualquier persona o entidad que acceda al Sitio Web o a cualquiera de sus p\u00e1ginas y adicionalmente a cualquier persona que utilice los Servicios y, por tanto, pueda recibir la condici\u00f3n de consumidor.<\/p><h2>1. Responsable del tratamiento de sus Datos Personales\u00a0<\/h2><p>Tanto si el usuario reside en un pa\u00eds de la Uni\u00f3n Europea como si reside en un pa\u00eds fuera de la Uni\u00f3n Europea, el responsable de la recogida y el tratamiento de sus Datos Personales a trav\u00e9s del Sitio Web es VENT DE FRANCE LA TRAMUNTANA SAU (\u00abLA TRAMUNTANA\u00bb), sociedad de nacionalidad espa\u00f1ola, con CIF A17045956 y sede social en av. Catalunya 4 del Port\u00fas (17709), Espa\u00f1a, con tel\u00e9fono de contacto 972 55 42 75, direcci\u00f3n de correo electr\u00f3nico de contacto info@latramuntana.com y con contacto para la Protecci\u00f3n de Datos en la direcci\u00f3n de correo electr\u00f3nico info@latramuntana.com. VENT DE FRANCE LA TRAMUNTANA SAU pertenece al grupo empresarial encabezado por GEMRA SA, con NIF A17144627.<\/p><p>LA TRAMUNTANA est\u00e1 interesada en proteger la privacidad de los Datos Personales de los usuarios y, a este efecto, dispone de un delegado de protecci\u00f3n de datos personales al que pueden dirigirse los usuarios. Los datos de contacto del delegado de protecci\u00f3n de datos de LA TRAMUNTANA son los siguientes: lopd@latramuntana.com.<\/p><h2>2. Qu\u00e9 datos se recopilan y c\u00f3mo se utilizan\u00a0<\/h2><p>Cuando un usuario se registra en el sitio web de LA TRAMUNTANA, o rellena cualquiera de los formularios dispuestos en el mismo, sus datos personales formar\u00e1n parte del fichero de datos de car\u00e1cter personal creado y gestionado por LA TRAMUNTANA bajo su propia responsabilidad, con las siguientes finalidades:<\/p><ul><li>Permitir al usuario la contrataci\u00f3n y el pago de los Servicios ofrecidos por LA TRAMUNTANA (incluyendo, entre otros, la adquisici\u00f3n en l\u00ednea de productos y servicios, la gesti\u00f3n de sus relaciones comerciales, as\u00ed como de la informaci\u00f3n legal y fiscal que corresponda para la referida relaci\u00f3n);<\/li><li>Autenticar y autorizar a los usuarios el acceso y uso de su perfil;<\/li><li>La realizaci\u00f3n de actividades promocionales y publicitarias tanto de los productos, servicios o actividades relacionadas con LA TRAMUNTANA o con empresas del Grupo Tramuntana (principalmente del sector de la alimentaci\u00f3n, la moda y\/o de los productos de consumo), en el caso de que el usuario lo haya consentido expl\u00edcitamente;<\/li><li>Comunicarse con los usuarios y enviarles mensajes sobre el Sitio Web, as\u00ed como notificaciones de seguridad, actualizaciones de red, recordatorios u otras cuestiones relacionadas con los Servicios;<\/li><li>Atender a los usuarios cuando se pongan en contacto con LA TRAMUNTANA en relaci\u00f3n con los Servicios;<\/li><li>Adaptar y mejorar su experiencia en el Sitio Web seg\u00fan sus necesidades a trav\u00e9s de las cookies.<\/li><\/ul><p>Los Datos Personales proporcionados a LA TRAMUNTANA mediante el Sitio Web no ser\u00e1n utilizados con fines distintos a los previstos en la Pol\u00edtica de Privacidad.<\/p><p>Los Datos Personales y otra informaci\u00f3n que acredite la compra que el usuario efect\u00fae a trav\u00e9s del Sitio Web se conservar\u00e1n en soporte electr\u00f3nico. En el mismo sentido, los Datos Personales se tratar\u00e1n \u00fanicamente durante el tiempo en que sean necesarios, \u00fatiles y pertinentes. En cualquier caso, una vez finalizada la relaci\u00f3n del usuario con LA TRAMUNTANA o revocado el consentimiento para los tratamientos exclusivamente basados en el mismo, los Datos Personales se conservar\u00e1n \u00fanicamente durante el tiempo necesario y con la exclusiva finalidad de dar cumplimiento a las obligaciones legales que le sean aplicables en cada caso.<\/p><h2>3. Legitimaci\u00f3n para el tratamiento\u00a0<\/h2><p>Las bases legales para el tratamiento de sus Datos Personales en los t\u00e9rminos que prev\u00e9 el apartado anterior son las siguientes:<\/p><p>3.1. La prestaci\u00f3n y ejecuci\u00f3n de los propios Servicios es la base legal que habilita a LA TRAMUNTANA para el tratamiento de los Datos Personales necesarios para (i) permitir la contrataci\u00f3n y el pago de los Servicios ofrecidos por LA TRAMUNTANA (incluyendo, entre otros, la adquisici\u00f3n en l\u00ednea de productos y servicios, la gesti\u00f3n de sus relaciones comerciales, as\u00ed como de la informaci\u00f3n legal y fiscal que corresponda para la referida relaci\u00f3n); (ii) autenticar y autorizar a los usuarios el acceso y uso de su perfil; (iii) comunicarse con los usuarios y enviarles mensajes sobre el Sitio Web, as\u00ed como notificaciones de seguridad, actualizaciones de red, recordatorios u otras cuestiones relacionadas con los Servicios; y (iv) atender a los usuarios cuando se pongan en contacto con LA TRAMUNTANA en relaci\u00f3n con los Servicios.<\/p><p>3.2. La base legal para la realizaci\u00f3n de actividades promocionales y publicitarias tanto de los productos, servicios o actividades relacionadas con LA TRAMUNTANA o con empresas del Grupo Tramuntana (principalmente del sector de la alimentaci\u00f3n, la moda y\/o de los productos de consumo) es el consentimiento expreso y expl\u00edcito prestado por usted mediante la selecci\u00f3n de la casilla espec\u00edfica. Asimismo, el tratamiento de los Datos Personales a trav\u00e9s de cookies para una mejora de su experiencia en el Sitio Web tambi\u00e9n se basa en el consentimiento. En estos casos, usted podr\u00e1 retirar el consentimiento prestado cuando lo considere oportuno en la forma que prev\u00e9 la legislaci\u00f3n aplicable.<\/p><h2>4. Consentimiento Expl\u00edcito y veracidad de los Datos Personales\u00a0<\/h2><p><u>Consentimiento Expl\u00edcito\u00a0 <\/u><\/p><p>En los casos en que sea pertinente, el usuario debe prestar su consentimiento expl\u00edcito para que LA TRAMUNTANA pueda utilizar la informaci\u00f3n introducida por el mismo. Los casos espec\u00edficos que requieren el consentimiento expl\u00edcito son los que se detallan en el apartado \u00abLegitimaci\u00f3n para el tratamiento\u00bb y m\u00e1s concretamente en su segundo apartado.<\/p><p>LA TRAMUNTANA podr\u00e1 ceder estos Datos Personales \u00fanicamente a las entidades que colaboren con la misma en el tratamiento de la informaci\u00f3n y con las finalidades anteriormente indicadas y autorizadas por el usuario. En caso de ser necesario, la cesi\u00f3n de los Datos Personales se realizar\u00e1 de conformidad con lo previsto en el apartado \u00abTransferencia o cesi\u00f3n de datos\u00bb.<\/p><p><u>Veracidad de los Datos Personales<\/u>\u00a0<\/p><p>LA TRAMUNTANA pone en su conocimiento que los campos marcados con un asterisco (*) en los respectivos formularios habilitados en el sitio web son estrictamente necesarios para atender la petici\u00f3n en cuesti\u00f3n, siendo voluntaria la inclusi\u00f3n de datos en los campos restantes.<\/p><p>Usted declara y garantiza que los Datos Personales que proporciona a LA TRAMUNTANA son ciertos y exactos y se compromete a notificar cualquier cambio o modificaci\u00f3n de los mismos. Asimismo, usted declara y garantiza ser responsable de cualquier p\u00e9rdida o da\u00f1o causado a LA TRAMUNTANA o a cualquier tercero por la comunicaci\u00f3n de informaci\u00f3n o Datos Personales que sean err\u00f3neos, inexactos o incompletos.<\/p><p>LA TRAMUNTANA informa que no realiza comprobaciones sobre la veracidad de la informaci\u00f3n personal, por lo que se atender\u00e1, en cada caso, al tratamiento consentido de los datos introducidos por el usuario, sean veraces o no, y en caso de ser incorrectos, los usuarios afectados pueden ejercer los derechos establecidos en el Reglamento General Europeo de Protecci\u00f3n de Datos (RGPD).<\/p><h2>5. Transferencia o cesi\u00f3n de datos\u00a0<\/h2><p>Los Datos Personales NO ser\u00e1n cedidos a terceros excepto en aquellos casos en los que LA TRAMUNTANA est\u00e9 legal o contractualmente obligada a facilitarlos (como bancos, organismos y entidades colaboradoras de las administraciones p\u00fablicas o a las mismas) o salvo a aquellas empresas a las que LA TRAMUNTANA haya encomendado servicios de gesti\u00f3n, control, mantenimiento, alojamiento inform\u00e1tico y alojamiento web, as\u00ed como a las empresas que presten asesoramiento fiscal, contable y jur\u00eddico, entre otras. En estos casos, se suscribir\u00e1 el correspondiente contrato de encargado del tratamiento de Datos Personales.<\/p><p>Sin perjuicio de lo anterior, los Datos Personales podr\u00e1n ser comunicados a empresas del grupo de LA TRAMUNTANA dentro de la Uni\u00f3n Europea a los efectos de unificar la gesti\u00f3n y administraci\u00f3n interna, siendo esta comunicaci\u00f3n necesaria para poder ejecutar las finalidades para las cuales han sido recogidos.<\/p><p>LA TRAMUNTANA NO tiene contratados servicios de proveedores tecnol\u00f3gicos ubicados en pa\u00edses que no sean europeos o bien no dispongan de una normativa equivalente a la europea.<\/p><p>Cualquier contrataci\u00f3n futura de servicios a encargados del tratamiento de datos realizada por LA TRAMUNTANA siempre cumplir\u00e1 con todos los requisitos establecidos por la normativa europea de protecci\u00f3n de datos, aplicando en el tratamiento de sus datos las garant\u00edas y salvaguardias necesarias para preservar la privacidad de esta informaci\u00f3n.<\/p><p>En cualquier momento, el usuario podr\u00e1 ejercer sus derechos frente al env\u00edo de esta informaci\u00f3n, as\u00ed como cualquier otro derecho reconocido por la normativa de protecci\u00f3n de datos, en la forma y v\u00eda que se indica en el apartado \u00abEjercicio de los derechos por parte de los usuarios\u00bb de la presente Pol\u00edtica de Privacidad.<\/p><p>Tambi\u00e9n se podr\u00e1n compartir datos estad\u00edsticos sobre ventas potenciales y\/o reales, volumen de usuarios y clientes, datos de tr\u00e1fico web, los cuales en ning\u00fan caso contendr\u00e1n Datos Personales.<\/p><h2>6. Ejercicio de los derechos por parte de los usuarios\u00a0<\/h2><p>LA TRAMUNTANA informa al usuario sobre la posibilidad que le asiste de ejercer los derechos inherentes a los usuarios recogidos en el Reglamento Europeo RGPD, dirigi\u00e9ndose al responsable de Protecci\u00f3n de Datos de LA TRAMUNTANA a la direcci\u00f3n de correo electr\u00f3nico info@latramuntana.com o bien enviando un escrito a la direcci\u00f3n de la sede social de LA TRAMUNTANA o person\u00e1ndose en las oficinas situadas en av. Catalunya 4 del Port\u00fas (17709), para tratar el tema con el responsable de Protecci\u00f3n de Datos.<\/p><p>Esta comunicaci\u00f3n de solicitud deber\u00e1 contener los siguientes datos: nombre y apellidos del Usuario, domicilio a efectos de notificaciones, fotocopia del Documento Nacional de Identidad o Pasaporte, y petici\u00f3n en la que se concreta la solicitud. En el caso de actuar en representaci\u00f3n de tercero, deber\u00e1 probarlo mediante documento fehaciente.<\/p><p>En cualquier caso, usted puede presentar una reclamaci\u00f3n ante la autoridad de protecci\u00f3n de datos competente.<\/p><h2>7. Seguridad de la Informaci\u00f3n\u00a0<\/h2><p>LA TRAMUNTANA se compromete a cumplir con su obligaci\u00f3n de preservar el secreto de los Datos Personales y su deber de guardarlos de conformidad con la normativa vigente y adoptar, entre otros, las medidas de seguridad establecidas en el Registro de Actividades relativas al tratamiento de los Datos Personales.<\/p><p>Asimismo, todo el personal de LA TRAMUNTANA, as\u00ed como sus posibles proveedores, subcontratados o colaboradores, asumen el compromiso de llevar a cabo su tarea profesional respetando la confidencialidad, las obligaciones y las medidas de seguridad establecidas en el marco de la protecci\u00f3n de datos.<\/p>\t\t\t\t\t\t\t\t<\/div>\n\t\t\t\t<\/div>\n\t\t\t\t\t<\/div>\n\t\t\t\t<\/div>\n\t\t\t\t<\/div>\n\t\t","protected":false},"excerpt":{"rendered":"<p>LA TRAMUNTANA es el titular del presente sitio web www.latramuntana.com (el \u00abSitio Web\u00bb) mediante el cual ofrece informaci\u00f3n sobre los productos que, en cada momento, estima oportunos, y comercializa en l\u00ednea los mismos (los \u00abServicios\u00bb). Para que LA TRAMUNTANA pueda prestarle los Servicios, necesita solicitar datos de car\u00e1cter personal e informaci\u00f3n de los usuarios (los [&hellip;]<\/p>\n","protected":false},"author":1,"featured_media":6845,"parent":0,"menu_order":0,"comment_status":"closed","ping_status":"closed","template":"elementor_header_footer","meta":{"footnotes":""},"class_list":["post-7918","page","type-page","status-publish","has-post-thumbnail","hentry"],"yoast_head":"<!-- This site is optimized with the Yoast SEO plugin v27.5 - https:\/\/yoast.com\/product\/yoast-seo-wordpress\/ -->\n<title>Pol\u00edtica de privacidad - La Tramuntana<\/title>\n<meta name=\"robots\" content=\"noindex, nofollow\" \/>\n<meta property=\"og:locale\" content=\"es_ES\" \/>\n<meta property=\"og:type\" content=\"article\" \/>\n<meta property=\"og:title\" content=\"Pol\u00edtica de privacidad - La Tramuntana\" \/>\n<meta property=\"og:description\" content=\"LA TRAMUNTANA es el titular del presente sitio web www.latramuntana.com (el \u00abSitio Web\u00bb) mediante el cual ofrece informaci\u00f3n sobre los productos que, en cada momento, estima oportunos, y comercializa en l\u00ednea los mismos (los \u00abServicios\u00bb). Para que LA TRAMUNTANA pueda prestarle los Servicios, necesita solicitar datos de car\u00e1cter personal e informaci\u00f3n de los usuarios (los [&hellip;]\" \/>\n<meta property=\"og:url\" content=\"https:\/\/www.latramuntana.com\/es\/privacidad\/\" \/>\n<meta property=\"og:site_name\" content=\"La Tramuntana\" \/>\n<meta property=\"article:publisher\" content=\"https:\/\/www.facebook.com\/gruptramuntana\" \/>\n<meta property=\"article:modified_time\" content=\"2025-01-30T08:44:57+00:00\" \/>\n<meta property=\"og:image\" content=\"https:\/\/www.latramuntana.com\/wp-content\/uploads\/2024\/11\/Portada-Supermercats.webp\" \/>\n\t<meta property=\"og:image:width\" content=\"1200\" \/>\n\t<meta property=\"og:image:height\" content=\"800\" \/>\n\t<meta property=\"og:image:type\" content=\"image\/webp\" \/>\n<meta name=\"twitter:card\" content=\"summary_large_image\" \/>\n<meta name=\"twitter:label1\" content=\"Tiempo de lectura\" \/>\n\t<meta name=\"twitter:data1\" content=\"11 minutos\" \/>\n<script type=\"application\/ld+json\" class=\"yoast-schema-graph\">{\"@context\":\"https:\\\/\\\/schema.org\",\"@graph\":[{\"@type\":\"WebPage\",\"@id\":\"https:\\\/\\\/www.latramuntana.com\\\/es\\\/privacidad\\\/\",\"url\":\"https:\\\/\\\/www.latramuntana.com\\\/es\\\/privacidad\\\/\",\"name\":\"Pol\u00edtica de privacidad - La Tramuntana\",\"isPartOf\":{\"@id\":\"https:\\\/\\\/www.latramuntana.com\\\/es\\\/#website\"},\"primaryImageOfPage\":{\"@id\":\"https:\\\/\\\/www.latramuntana.com\\\/es\\\/privacidad\\\/#primaryimage\"},\"image\":{\"@id\":\"https:\\\/\\\/www.latramuntana.com\\\/es\\\/privacidad\\\/#primaryimage\"},\"thumbnailUrl\":\"https:\\\/\\\/www.latramuntana.com\\\/wp-content\\\/uploads\\\/2024\\\/11\\\/Portada-Supermercats.webp\",\"datePublished\":\"2024-10-24T16:19:01+00:00\",\"dateModified\":\"2025-01-30T08:44:57+00:00\",\"breadcrumb\":{\"@id\":\"https:\\\/\\\/www.latramuntana.com\\\/es\\\/privacidad\\\/#breadcrumb\"},\"inLanguage\":\"es\",\"potentialAction\":[{\"@type\":\"ReadAction\",\"target\":[\"https:\\\/\\\/www.latramuntana.com\\\/es\\\/privacidad\\\/\"]}]},{\"@type\":\"ImageObject\",\"inLanguage\":\"es\",\"@id\":\"https:\\\/\\\/www.latramuntana.com\\\/es\\\/privacidad\\\/#primaryimage\",\"url\":\"https:\\\/\\\/www.latramuntana.com\\\/wp-content\\\/uploads\\\/2024\\\/11\\\/Portada-Supermercats.webp\",\"contentUrl\":\"https:\\\/\\\/www.latramuntana.com\\\/wp-content\\\/uploads\\\/2024\\\/11\\\/Portada-Supermercats.webp\",\"width\":1200,\"height\":800,\"caption\":\"Exterior del supermercat Tramuntana 3 amb p\u00e0rquing al davant\"},{\"@type\":\"BreadcrumbList\",\"@id\":\"https:\\\/\\\/www.latramuntana.com\\\/es\\\/privacidad\\\/#breadcrumb\",\"itemListElement\":[{\"@type\":\"ListItem\",\"position\":1,\"name\":\"Portada\",\"item\":\"https:\\\/\\\/www.latramuntana.com\\\/es\\\/\"},{\"@type\":\"ListItem\",\"position\":2,\"name\":\"Pol\u00edtica de privacidad\"}]},{\"@type\":\"WebSite\",\"@id\":\"https:\\\/\\\/www.latramuntana.com\\\/es\\\/#website\",\"url\":\"https:\\\/\\\/www.latramuntana.com\\\/es\\\/\",\"name\":\"La Tramuntana\",\"description\":\"\",\"publisher\":{\"@id\":\"https:\\\/\\\/www.latramuntana.com\\\/es\\\/#organization\"},\"potentialAction\":[{\"@type\":\"SearchAction\",\"target\":{\"@type\":\"EntryPoint\",\"urlTemplate\":\"https:\\\/\\\/www.latramuntana.com\\\/es\\\/?s={search_term_string}\"},\"query-input\":{\"@type\":\"PropertyValueSpecification\",\"valueRequired\":true,\"valueName\":\"search_term_string\"}}],\"inLanguage\":\"es\"},{\"@type\":\"Organization\",\"@id\":\"https:\\\/\\\/www.latramuntana.com\\\/es\\\/#organization\",\"name\":\"La Tramuntana\",\"url\":\"https:\\\/\\\/www.latramuntana.com\\\/es\\\/\",\"logo\":{\"@type\":\"ImageObject\",\"inLanguage\":\"es\",\"@id\":\"https:\\\/\\\/www.latramuntana.com\\\/es\\\/#\\\/schema\\\/logo\\\/image\\\/\",\"url\":\"https:\\\/\\\/www.latramuntana.com\\\/wp-content\\\/uploads\\\/2024\\\/06\\\/latramuntana-logo.svg\",\"contentUrl\":\"https:\\\/\\\/www.latramuntana.com\\\/wp-content\\\/uploads\\\/2024\\\/06\\\/latramuntana-logo.svg\",\"width\":500,\"height\":55,\"caption\":\"La Tramuntana\"},\"image\":{\"@id\":\"https:\\\/\\\/www.latramuntana.com\\\/es\\\/#\\\/schema\\\/logo\\\/image\\\/\"},\"sameAs\":[\"https:\\\/\\\/www.facebook.com\\\/gruptramuntana\",\"https:\\\/\\\/www.instagram.com\\\/gruptramuntana\\\/\",\"https:\\\/\\\/www.linkedin.com\\\/company\\\/gruptramuntana\\\/\"]}]}<\/script>\n<!-- \/ Yoast SEO plugin. -->","yoast_head_json":{"title":"Pol\u00edtica de privacidad - La Tramuntana","robots":{"index":"noindex","follow":"nofollow"},"og_locale":"es_ES","og_type":"article","og_title":"Pol\u00edtica de privacidad - La Tramuntana","og_description":"LA TRAMUNTANA es el titular del presente sitio web www.latramuntana.com (el \u00abSitio Web\u00bb) mediante el cual ofrece informaci\u00f3n sobre los productos que, en cada momento, estima oportunos, y comercializa en l\u00ednea los mismos (los \u00abServicios\u00bb). Para que LA TRAMUNTANA pueda prestarle los Servicios, necesita solicitar datos de car\u00e1cter personal e informaci\u00f3n de los usuarios (los [&hellip;]","og_url":"https:\/\/www.latramuntana.com\/es\/privacidad\/","og_site_name":"La Tramuntana","article_publisher":"https:\/\/www.facebook.com\/gruptramuntana","article_modified_time":"2025-01-30T08:44:57+00:00","og_image":[{"width":1200,"height":800,"url":"https:\/\/www.latramuntana.com\/wp-content\/uploads\/2024\/11\/Portada-Supermercats.webp","type":"image\/webp"}],"twitter_card":"summary_large_image","twitter_misc":{"Tiempo de lectura":"11 minutos"},"schema":{"@context":"https:\/\/schema.org","@graph":[{"@type":"WebPage","@id":"https:\/\/www.latramuntana.com\/es\/privacidad\/","url":"https:\/\/www.latramuntana.com\/es\/privacidad\/","name":"Pol\u00edtica de privacidad - La Tramuntana","isPartOf":{"@id":"https:\/\/www.latramuntana.com\/es\/#website"},"primaryImageOfPage":{"@id":"https:\/\/www.latramuntana.com\/es\/privacidad\/#primaryimage"},"image":{"@id":"https:\/\/www.latramuntana.com\/es\/privacidad\/#primaryimage"},"thumbnailUrl":"https:\/\/www.latramuntana.com\/wp-content\/uploads\/2024\/11\/Portada-Supermercats.webp","datePublished":"2024-10-24T16:19:01+00:00","dateModified":"2025-01-30T08:44:57+00:00","breadcrumb":{"@id":"https:\/\/www.latramuntana.com\/es\/privacidad\/#breadcrumb"},"inLanguage":"es","potentialAction":[{"@type":"ReadAction","target":["https:\/\/www.latramuntana.com\/es\/privacidad\/"]}]},{"@type":"ImageObject","inLanguage":"es","@id":"https:\/\/www.latramuntana.com\/es\/privacidad\/#primaryimage","url":"https:\/\/www.latramuntana.com\/wp-content\/uploads\/2024\/11\/Portada-Supermercats.webp","contentUrl":"https:\/\/www.latramuntana.com\/wp-content\/uploads\/2024\/11\/Portada-Supermercats.webp","width":1200,"height":800,"caption":"Exterior del supermercat Tramuntana 3 amb p\u00e0rquing al davant"},{"@type":"BreadcrumbList","@id":"https:\/\/www.latramuntana.com\/es\/privacidad\/#breadcrumb","itemListElement":[{"@type":"ListItem","position":1,"name":"Portada","item":"https:\/\/www.latramuntana.com\/es\/"},{"@type":"ListItem","position":2,"name":"Pol\u00edtica de privacidad"}]},{"@type":"WebSite","@id":"https:\/\/www.latramuntana.com\/es\/#website","url":"https:\/\/www.latramuntana.com\/es\/","name":"La Tramuntana","description":"","publisher":{"@id":"https:\/\/www.latramuntana.com\/es\/#organization"},"potentialAction":[{"@type":"SearchAction","target":{"@type":"EntryPoint","urlTemplate":"https:\/\/www.latramuntana.com\/es\/?s={search_term_string}"},"query-input":{"@type":"PropertyValueSpecification","valueRequired":true,"valueName":"search_term_string"}}],"inLanguage":"es"},{"@type":"Organization","@id":"https:\/\/www.latramuntana.com\/es\/#organization","name":"La Tramuntana","url":"https:\/\/www.latramuntana.com\/es\/","logo":{"@type":"ImageObject","inLanguage":"es","@id":"https:\/\/www.latramuntana.com\/es\/#\/schema\/logo\/image\/","url":"https:\/\/www.latramuntana.com\/wp-content\/uploads\/2024\/06\/latramuntana-logo.svg","contentUrl":"https:\/\/www.latramuntana.com\/wp-content\/uploads\/2024\/06\/latramuntana-logo.svg","width":500,"height":55,"caption":"La Tramuntana"},"image":{"@id":"https:\/\/www.latramuntana.com\/es\/#\/schema\/logo\/image\/"},"sameAs":["https:\/\/www.facebook.com\/gruptramuntana","https:\/\/www.instagram.com\/gruptramuntana\/","https:\/\/www.linkedin.com\/company\/gruptramuntana\/"]}]}},"_links":{"self":[{"href":"https:\/\/www.latramuntana.com\/es\/wp-json\/wp\/v2\/pages\/7918","targetHints":{"allow":["GET"]}}],"collection":[{"href":"https:\/\/www.latramuntana.com\/es\/wp-json\/wp\/v2\/pages"}],"about":[{"href":"https:\/\/www.latramuntana.com\/es\/wp-json\/wp\/v2\/types\/page"}],"author":[{"embeddable":true,"href":"https:\/\/www.latramuntana.com\/es\/wp-json\/wp\/v2\/users\/1"}],"replies":[{"embeddable":true,"href":"https:\/\/www.latramuntana.com\/es\/wp-json\/wp\/v2\/comments?post=7918"}],"version-history":[{"count":0,"href":"https:\/\/www.latramuntana.com\/es\/wp-json\/wp\/v2\/pages\/7918\/revisions"}],"wp:featuredmedia":[{"embeddable":true,"href":"https:\/\/www.latramuntana.com\/es\/wp-json\/wp\/v2\/media\/6845"}],"wp:attachment":[{"href":"https:\/\/www.latramuntana.com\/es\/wp-json\/wp\/v2\/media?parent=7918"}],"curies":[{"name":"wp","href":"https:\/\/api.w.org\/{rel}","templated":true}]}}