{"id":7902,"date":"2024-10-29T13:09:22","date_gmt":"2024-10-29T12:09:22","guid":{"rendered":"https:\/\/www.latramuntana.com\/cookies\/"},"modified":"2024-12-22T20:43:46","modified_gmt":"2024-12-22T19:43:46","slug":"cookies","status":"publish","type":"page","link":"https:\/\/www.latramuntana.com\/fr\/cookies\/","title":{"rendered":"Politique des cookies"},"content":{"rendered":"\t\t<div data-elementor-type=\"wp-page\" data-elementor-id=\"7902\" class=\"elementor elementor-7902 elementor-1992\" data-elementor-post-type=\"page\">\n\t\t\t\t<div class=\"elementor-element elementor-element-8722e23 e-flex e-con-boxed e-con e-parent\" data-id=\"8722e23\" data-element_type=\"container\" data-e-type=\"container\" data-settings=\"{&quot;background_background&quot;:&quot;classic&quot;}\">\n\t\t\t\t\t<div class=\"e-con-inner\">\n\t\t\t\t<div class=\"elementor-element elementor-element-0fc1306 elementor-widget elementor-widget-heading\" data-id=\"0fc1306\" data-element_type=\"widget\" data-e-type=\"widget\" data-widget_type=\"heading.default\">\n\t\t\t\t<div class=\"elementor-widget-container\">\n\t\t\t\t\t<h1 class=\"elementor-heading-title elementor-size-default\">Politique des cookies<\/h1>\t\t\t\t<\/div>\n\t\t\t\t<\/div>\n\t\t\t\t<div class=\"elementor-element elementor-element-79be4b4 elementor-widget-divider--view-line elementor-widget elementor-widget-divider\" data-id=\"79be4b4\" data-element_type=\"widget\" data-e-type=\"widget\" data-widget_type=\"divider.default\">\n\t\t\t\t<div class=\"elementor-widget-container\">\n\t\t\t\t\t\t\t<div class=\"elementor-divider\">\n\t\t\t<span class=\"elementor-divider-separator\">\n\t\t\t\t\t\t<\/span>\n\t\t<\/div>\n\t\t\t\t\t\t<\/div>\n\t\t\t\t<\/div>\n\t\t\t\t<div class=\"elementor-element elementor-element-9732c5e color-responsivo elementor-widget elementor-widget-text-editor\" data-id=\"9732c5e\" data-element_type=\"widget\" data-e-type=\"widget\" data-widget_type=\"text-editor.default\">\n\t\t\t\t<div class=\"elementor-widget-container\">\n\t\t\t\t\t\t\t\t\t<p>Suivant l\u2019article 22 de la loi 34\/2022, du 11 juillet concernant les services de la soci\u00e9t\u00e9 de l\u2019information et du commerce \u00e9lectronique (LSSI), en lien avec le R\u00e8glement (UE) 2016\/679 du Parlement europ\u00e9en et du Conseil du 27 avril 2016, r\u00e8glement g\u00e9n\u00e9ral sur la protection des donn\u00e9es (RGPD) et la loi organique 3\/2018, du 5 d\u00e9cembre, sur la protection des donn\u00e9es et la garantie des droits num\u00e9riques (LOPDGDD), L&rsquo;entit\u00e9 met \u00e0 la disposition des utilisateurs la Politique de collecte et de traitement des cookies sur le site.<\/p><h2>Qu&rsquo;est-ce qu&rsquo;un cookie<\/h2><p>Un cookie est un fichier que votre navigateur web installe dans votre ordinateur. Les cookies permettent \u00e0 un site, entre autres, de stocker et d\u2019extraire des informations sur les habitudes de navigation des utilisateurs. En fonction des informations qu&rsquo;ils contiennent et de la mani\u00e8re dont l&rsquo;appareil est utilis\u00e9, ils peuvent \u00eatre utilis\u00e9s pour identifier l&rsquo;utilisateur.<\/p><h2>Cookie \u00e0 des fins de fonctionnement du site<\/h2><p>Les cookies utilis\u00e9s sur ce site sont class\u00e9s ci-dessous :<\/p><p><strong>En fonction de l\u2019entit\u00e9 qui les conduit<\/strong><\/p><ul><li><strong>Cookies internes :<\/strong> ce sont ceux qui sont envoy\u00e9s et gestions par la propre Entit\u00e9.<\/li><li><strong>Cookies de tiers :<\/strong> ce sont ceux qui sont envoy\u00e9s par une autre Entit\u00e9.<\/li><\/ul><p><strong>En fonction de l\u2019objectif<\/strong><\/p><ul><li><strong>Cookies techniques :<\/strong> ces cookies permettent aux utilisateurs enregistr\u00e9s de naviguer sur le site, d&rsquo;acc\u00e9der \u00e0 la zone r\u00e9serv\u00e9e et d\u2019utiliser ses diff\u00e9rentes fonctions, telles que le syst\u00e8me de commentaires ou le moteur de recherche.<\/li><li><strong>Cookies de personnalisation :<\/strong> ces cookies permettent aux utilisateurs d\u2019acc\u00e9der au service avec certaines caract\u00e9ristiques g\u00e9n\u00e9rales pr\u00e9d\u00e9finies en fonction d\u2019une multitude de crit\u00e8res d\u00e9finis par l\u2019utilisateur, tels que la langue ou le type de navigateur utilis\u00e9.<\/li><li><strong>Cookies d\u2019analyse ou de mesure :<\/strong> ces cookies quantifient l\u2019audience de notre site, mesurent et analysent statistiquement la fa\u00e7on dont les utilisateurs utilisent le site afin d\u2019am\u00e9liorer.<\/li><\/ul><p><strong>En fonction de la dur\u00e9e<\/strong><\/p><ul><li><strong>Cookies de session :<\/strong> con\u00e7us pour stocker des donn\u00e9es pendant que l&rsquo;utilisateur acc\u00e8de au site.<\/li><li><strong>Cookies persistants :<\/strong> les donn\u00e9es restent stock\u00e9es sur l&rsquo;appareil de l&rsquo;utilisateur et peuvent \u00eatre consult\u00e9es et trait\u00e9es durant une p\u00e9riode d\u00e9finie par le responsable du cookie.<\/li><\/ul><h2>Liste des cookies utilis\u00e9s<\/h2><p>Ce site peut installer les cookies suivants :<\/p><p><strong>Techniques cookies<\/strong><\/p><ul><li><strong>wp-settings-{user_id} :<\/strong> Cookie technique autorisant \u00e0 maintenir les param\u00e8tres de l\u2019utilisateur sur le tableau de bord de WordPress (\/wp-admin). Il est persistant et dure un an.<\/li><li><strong>hasConsent <\/strong>: Cookie technique permettant d\u2019utiliser le consentement de l\u2019utilisateur. Il est persistant et dure un an.<\/li><\/ul><p><strong>Cookies d\u2019analyse ou de mesure<\/strong><\/p><ul><li><strong>_ga <\/strong>: Cookie analytique autorisant \u00e0 contr\u00f4ler des visites uniques. Il est persistant et dure deux ans.<\/li><li><strong>_gat <\/strong>: Cookie analytique autorisant \u00e0 limiter les requ\u00eates. Il a une port\u00e9e de session et dure une minute.<\/li><li><strong>_gid <\/strong>: Cookie analytique autorisant \u00e0 distinguer les utilisateurs. De plus, il a une port\u00e9e de session et dure 24 heures.<\/li><\/ul><h2>Information compl\u00e9mentaire<\/h2><p><br \/>Google Analytics peut installer d&rsquo;autres cookies suivant le document sur l&rsquo;utilisation des cookies par Google Analytics sur les sites, que vous pouvez consulter en cliquant sur ce lien.<\/p><h2>Suppression des cookies<\/h2><p>De plus, vous pouvez accepter, bloquer ou supprimer les cookies install\u00e9s sur votre appareil en configurant les options de votre navigateur. Veuillez noter que certaines parties du site peuvent ne pas fonctionner correctement ou que certaines fonctionnalit\u00e9s peuvent ne pas \u00eatre disponibles ou \u00eatre boug\u00e9es.<\/p><p>Les liens suivants indiquent comment activer ou d\u00e9sactiver les cookies dans les navigateurs les plus courants :<\/p><ul><li>Firefox<\/li><li>Google Chrome<\/li><li>Internet Explorer<\/li><li>Microsoft Edge<\/li><li>Safari<\/li><\/ul><h2>Traitement des Donn\u00e9es Personnelles<\/h2><p>L\u2019entit\u00e9 est responsable du traitement des Donn\u00e9es Personnelles de l\u2019utilisateur. Vous pouvez consulter toutes les informations relatives au traitement des Donn\u00e9es Personnelles sur la page Politique de confidentialit\u00e9.<\/p><h2>Contact<\/h2><p>Si vous avez des questions sur cette politique en mati\u00e8re de cookies ou si vous souhaitez faire des commentaires sur ce site, vous pouvez envoyer un email \u00e0 : info@latramuntana.com.<\/p>\t\t\t\t\t\t\t\t<\/div>\n\t\t\t\t<\/div>\n\t\t\t\t\t<\/div>\n\t\t\t\t<\/div>\n\t\t\t\t<\/div>\n\t\t","protected":false},"excerpt":{"rendered":"<p>Suivant l\u2019article 22 de la loi 34\/2022, du 11 juillet concernant les services de la soci\u00e9t\u00e9 de l\u2019information et du commerce \u00e9lectronique (LSSI), en lien avec le R\u00e8glement (UE) 2016\/679 du Parlement europ\u00e9en et du Conseil du 27 avril 2016, r\u00e8glement g\u00e9n\u00e9ral sur la protection des donn\u00e9es (RGPD) et la loi organique 3\/2018, du 5 [&hellip;]<\/p>\n","protected":false},"author":1,"featured_media":6844,"parent":0,"menu_order":0,"comment_status":"closed","ping_status":"closed","template":"elementor_header_footer","meta":{"footnotes":""},"class_list":["post-7902","page","type-page","status-publish","has-post-thumbnail","hentry"],"yoast_head":"<!-- This site is optimized with the Yoast SEO plugin v27.4 - https:\/\/yoast.com\/product\/yoast-seo-wordpress\/ -->\n<title>Politique des cookies - La Tramuntana<\/title>\n<meta name=\"robots\" content=\"noindex, nofollow\" \/>\n<meta property=\"og:locale\" content=\"fr_FR\" \/>\n<meta property=\"og:type\" content=\"article\" \/>\n<meta property=\"og:title\" content=\"Politique des cookies - La Tramuntana\" \/>\n<meta property=\"og:description\" content=\"Suivant l\u2019article 22 de la loi 34\/2022, du 11 juillet concernant les services de la soci\u00e9t\u00e9 de l\u2019information et du commerce \u00e9lectronique (LSSI), en lien avec le R\u00e8glement (UE) 2016\/679 du Parlement europ\u00e9en et du Conseil du 27 avril 2016, r\u00e8glement g\u00e9n\u00e9ral sur la protection des donn\u00e9es (RGPD) et la loi organique 3\/2018, du 5 [&hellip;]\" \/>\n<meta property=\"og:url\" content=\"https:\/\/www.latramuntana.com\/fr\/cookies\/\" \/>\n<meta property=\"og:site_name\" content=\"La Tramuntana\" \/>\n<meta property=\"article:publisher\" content=\"https:\/\/www.facebook.com\/gruptramuntana\" \/>\n<meta property=\"article:modified_time\" content=\"2024-12-22T19:43:46+00:00\" \/>\n<meta property=\"og:image\" content=\"https:\/\/www.latramuntana.com\/wp-content\/uploads\/2024\/11\/Portada-Supermercats.webp\" \/>\n\t<meta property=\"og:image:width\" content=\"1200\" \/>\n\t<meta property=\"og:image:height\" content=\"800\" \/>\n\t<meta property=\"og:image:type\" content=\"image\/webp\" \/>\n<meta name=\"twitter:card\" content=\"summary_large_image\" \/>\n<meta name=\"twitter:label1\" content=\"Dur\u00e9e de lecture estim\u00e9e\" \/>\n\t<meta name=\"twitter:data1\" content=\"4 minutes\" \/>\n<script type=\"application\/ld+json\" class=\"yoast-schema-graph\">{\"@context\":\"https:\\\/\\\/schema.org\",\"@graph\":[{\"@type\":\"WebPage\",\"@id\":\"https:\\\/\\\/www.latramuntana.com\\\/fr\\\/cookies\\\/\",\"url\":\"https:\\\/\\\/www.latramuntana.com\\\/fr\\\/cookies\\\/\",\"name\":\"Politique des cookies - La Tramuntana\",\"isPartOf\":{\"@id\":\"https:\\\/\\\/www.latramuntana.com\\\/fr\\\/#website\"},\"primaryImageOfPage\":{\"@id\":\"https:\\\/\\\/www.latramuntana.com\\\/fr\\\/cookies\\\/#primaryimage\"},\"image\":{\"@id\":\"https:\\\/\\\/www.latramuntana.com\\\/fr\\\/cookies\\\/#primaryimage\"},\"thumbnailUrl\":\"https:\\\/\\\/www.latramuntana.com\\\/wp-content\\\/uploads\\\/2024\\\/11\\\/Portada-Supermercats.webp\",\"datePublished\":\"2024-10-29T12:09:22+00:00\",\"dateModified\":\"2024-12-22T19:43:46+00:00\",\"breadcrumb\":{\"@id\":\"https:\\\/\\\/www.latramuntana.com\\\/fr\\\/cookies\\\/#breadcrumb\"},\"inLanguage\":\"fr-FR\",\"potentialAction\":[{\"@type\":\"ReadAction\",\"target\":[\"https:\\\/\\\/www.latramuntana.com\\\/fr\\\/cookies\\\/\"]}]},{\"@type\":\"ImageObject\",\"inLanguage\":\"fr-FR\",\"@id\":\"https:\\\/\\\/www.latramuntana.com\\\/fr\\\/cookies\\\/#primaryimage\",\"url\":\"https:\\\/\\\/www.latramuntana.com\\\/wp-content\\\/uploads\\\/2024\\\/11\\\/Portada-Supermercats.webp\",\"contentUrl\":\"https:\\\/\\\/www.latramuntana.com\\\/wp-content\\\/uploads\\\/2024\\\/11\\\/Portada-Supermercats.webp\",\"width\":1200,\"height\":800,\"caption\":\"Exterior del supermercat Tramuntana 3 amb p\u00e0rquing al davant\"},{\"@type\":\"BreadcrumbList\",\"@id\":\"https:\\\/\\\/www.latramuntana.com\\\/fr\\\/cookies\\\/#breadcrumb\",\"itemListElement\":[{\"@type\":\"ListItem\",\"position\":1,\"name\":\"Portada\",\"item\":\"https:\\\/\\\/www.latramuntana.com\\\/fr\\\/\"},{\"@type\":\"ListItem\",\"position\":2,\"name\":\"Politique des cookies\"}]},{\"@type\":\"WebSite\",\"@id\":\"https:\\\/\\\/www.latramuntana.com\\\/fr\\\/#website\",\"url\":\"https:\\\/\\\/www.latramuntana.com\\\/fr\\\/\",\"name\":\"La Tramuntana\",\"description\":\"\",\"publisher\":{\"@id\":\"https:\\\/\\\/www.latramuntana.com\\\/fr\\\/#organization\"},\"potentialAction\":[{\"@type\":\"SearchAction\",\"target\":{\"@type\":\"EntryPoint\",\"urlTemplate\":\"https:\\\/\\\/www.latramuntana.com\\\/fr\\\/?s={search_term_string}\"},\"query-input\":{\"@type\":\"PropertyValueSpecification\",\"valueRequired\":true,\"valueName\":\"search_term_string\"}}],\"inLanguage\":\"fr-FR\"},{\"@type\":\"Organization\",\"@id\":\"https:\\\/\\\/www.latramuntana.com\\\/fr\\\/#organization\",\"name\":\"La Tramuntana\",\"url\":\"https:\\\/\\\/www.latramuntana.com\\\/fr\\\/\",\"logo\":{\"@type\":\"ImageObject\",\"inLanguage\":\"fr-FR\",\"@id\":\"https:\\\/\\\/www.latramuntana.com\\\/fr\\\/#\\\/schema\\\/logo\\\/image\\\/\",\"url\":\"https:\\\/\\\/www.latramuntana.com\\\/wp-content\\\/uploads\\\/2024\\\/06\\\/latramuntana-logo.svg\",\"contentUrl\":\"https:\\\/\\\/www.latramuntana.com\\\/wp-content\\\/uploads\\\/2024\\\/06\\\/latramuntana-logo.svg\",\"width\":500,\"height\":55,\"caption\":\"La Tramuntana\"},\"image\":{\"@id\":\"https:\\\/\\\/www.latramuntana.com\\\/fr\\\/#\\\/schema\\\/logo\\\/image\\\/\"},\"sameAs\":[\"https:\\\/\\\/www.facebook.com\\\/gruptramuntana\",\"https:\\\/\\\/www.instagram.com\\\/gruptramuntana\\\/\",\"https:\\\/\\\/www.linkedin.com\\\/company\\\/gruptramuntana\\\/\"]}]}<\/script>\n<!-- \/ Yoast SEO plugin. -->","yoast_head_json":{"title":"Politique des cookies - La Tramuntana","robots":{"index":"noindex","follow":"nofollow"},"og_locale":"fr_FR","og_type":"article","og_title":"Politique des cookies - La Tramuntana","og_description":"Suivant l\u2019article 22 de la loi 34\/2022, du 11 juillet concernant les services de la soci\u00e9t\u00e9 de l\u2019information et du commerce \u00e9lectronique (LSSI), en lien avec le R\u00e8glement (UE) 2016\/679 du Parlement europ\u00e9en et du Conseil du 27 avril 2016, r\u00e8glement g\u00e9n\u00e9ral sur la protection des donn\u00e9es (RGPD) et la loi organique 3\/2018, du 5 [&hellip;]","og_url":"https:\/\/www.latramuntana.com\/fr\/cookies\/","og_site_name":"La Tramuntana","article_publisher":"https:\/\/www.facebook.com\/gruptramuntana","article_modified_time":"2024-12-22T19:43:46+00:00","og_image":[{"width":1200,"height":800,"url":"https:\/\/www.latramuntana.com\/wp-content\/uploads\/2024\/11\/Portada-Supermercats.webp","type":"image\/webp"}],"twitter_card":"summary_large_image","twitter_misc":{"Dur\u00e9e de lecture estim\u00e9e":"4 minutes"},"schema":{"@context":"https:\/\/schema.org","@graph":[{"@type":"WebPage","@id":"https:\/\/www.latramuntana.com\/fr\/cookies\/","url":"https:\/\/www.latramuntana.com\/fr\/cookies\/","name":"Politique des cookies - La Tramuntana","isPartOf":{"@id":"https:\/\/www.latramuntana.com\/fr\/#website"},"primaryImageOfPage":{"@id":"https:\/\/www.latramuntana.com\/fr\/cookies\/#primaryimage"},"image":{"@id":"https:\/\/www.latramuntana.com\/fr\/cookies\/#primaryimage"},"thumbnailUrl":"https:\/\/www.latramuntana.com\/wp-content\/uploads\/2024\/11\/Portada-Supermercats.webp","datePublished":"2024-10-29T12:09:22+00:00","dateModified":"2024-12-22T19:43:46+00:00","breadcrumb":{"@id":"https:\/\/www.latramuntana.com\/fr\/cookies\/#breadcrumb"},"inLanguage":"fr-FR","potentialAction":[{"@type":"ReadAction","target":["https:\/\/www.latramuntana.com\/fr\/cookies\/"]}]},{"@type":"ImageObject","inLanguage":"fr-FR","@id":"https:\/\/www.latramuntana.com\/fr\/cookies\/#primaryimage","url":"https:\/\/www.latramuntana.com\/wp-content\/uploads\/2024\/11\/Portada-Supermercats.webp","contentUrl":"https:\/\/www.latramuntana.com\/wp-content\/uploads\/2024\/11\/Portada-Supermercats.webp","width":1200,"height":800,"caption":"Exterior del supermercat Tramuntana 3 amb p\u00e0rquing al davant"},{"@type":"BreadcrumbList","@id":"https:\/\/www.latramuntana.com\/fr\/cookies\/#breadcrumb","itemListElement":[{"@type":"ListItem","position":1,"name":"Portada","item":"https:\/\/www.latramuntana.com\/fr\/"},{"@type":"ListItem","position":2,"name":"Politique des cookies"}]},{"@type":"WebSite","@id":"https:\/\/www.latramuntana.com\/fr\/#website","url":"https:\/\/www.latramuntana.com\/fr\/","name":"La Tramuntana","description":"","publisher":{"@id":"https:\/\/www.latramuntana.com\/fr\/#organization"},"potentialAction":[{"@type":"SearchAction","target":{"@type":"EntryPoint","urlTemplate":"https:\/\/www.latramuntana.com\/fr\/?s={search_term_string}"},"query-input":{"@type":"PropertyValueSpecification","valueRequired":true,"valueName":"search_term_string"}}],"inLanguage":"fr-FR"},{"@type":"Organization","@id":"https:\/\/www.latramuntana.com\/fr\/#organization","name":"La Tramuntana","url":"https:\/\/www.latramuntana.com\/fr\/","logo":{"@type":"ImageObject","inLanguage":"fr-FR","@id":"https:\/\/www.latramuntana.com\/fr\/#\/schema\/logo\/image\/","url":"https:\/\/www.latramuntana.com\/wp-content\/uploads\/2024\/06\/latramuntana-logo.svg","contentUrl":"https:\/\/www.latramuntana.com\/wp-content\/uploads\/2024\/06\/latramuntana-logo.svg","width":500,"height":55,"caption":"La Tramuntana"},"image":{"@id":"https:\/\/www.latramuntana.com\/fr\/#\/schema\/logo\/image\/"},"sameAs":["https:\/\/www.facebook.com\/gruptramuntana","https:\/\/www.instagram.com\/gruptramuntana\/","https:\/\/www.linkedin.com\/company\/gruptramuntana\/"]}]}},"_links":{"self":[{"href":"https:\/\/www.latramuntana.com\/fr\/wp-json\/wp\/v2\/pages\/7902","targetHints":{"allow":["GET"]}}],"collection":[{"href":"https:\/\/www.latramuntana.com\/fr\/wp-json\/wp\/v2\/pages"}],"about":[{"href":"https:\/\/www.latramuntana.com\/fr\/wp-json\/wp\/v2\/types\/page"}],"author":[{"embeddable":true,"href":"https:\/\/www.latramuntana.com\/fr\/wp-json\/wp\/v2\/users\/1"}],"replies":[{"embeddable":true,"href":"https:\/\/www.latramuntana.com\/fr\/wp-json\/wp\/v2\/comments?post=7902"}],"version-history":[{"count":0,"href":"https:\/\/www.latramuntana.com\/fr\/wp-json\/wp\/v2\/pages\/7902\/revisions"}],"wp:featuredmedia":[{"embeddable":true,"href":"https:\/\/www.latramuntana.com\/fr\/wp-json\/wp\/v2\/media\/6844"}],"wp:attachment":[{"href":"https:\/\/www.latramuntana.com\/fr\/wp-json\/wp\/v2\/media?parent=7902"}],"curies":[{"name":"wp","href":"https:\/\/api.w.org\/{rel}","templated":true}]}}